{"id":13862,"date":"2024-09-06T08:51:15","date_gmt":"2024-09-06T07:51:15","guid":{"rendered":"https:\/\/whiterip.com\/utilizzo-e-funzionalita-del-software\/"},"modified":"2025-09-03T10:49:10","modified_gmt":"2025-09-03T09:49:10","slug":"utilizzo-e-funzionalita-del-software","status":"publish","type":"page","link":"https:\/\/whiterip.com\/it\/utilizzo-e-funzionalita-del-software\/","title":{"rendered":"Utilizzo e funzionalit\u00e0 del software"},"content":{"rendered":"\n<p>La nostra pagina &#8220;Utilizzo e funzionalit\u00e0 del software&#8221; spiega tutto ci\u00f2 che devi sapere per utilizzare WhiteRIP in modo efficace. Scopri gli ultimi aggiornamenti software, come installarli e le differenze tra le versioni DTF e DTG\/UV. Scopri le funzionalit\u00e0 avanzate del software, tra cui il supporto per inchiostri bianchi e vernici, colori spot e colori fluorescenti. Che tu sia un nuovo utente del software o alla ricerca di moduli avanzati, questa pagina fornisce tutti gli spunti per sfruttare al meglio le funzionalit\u00e0 di WhiteRIP.   <\/p>\n\n<div id=\"wp-block-themeisle-blocks-accordion-1d069ea5\" data-has-schema=\"false\" class=\"wp-block-themeisle-blocks-accordion exclusive wrip_faq ticss-0dd12931\">\n<details class=\"wp-block-themeisle-blocks-accordion-item detail_faq ticss-3ce7863f\"><summary class=\"wp-block-themeisle-blocks-accordion-item__title\"><div><strong>Are software updates included?<\/strong><\/div><\/summary><div class=\"wp-block-themeisle-blocks-accordion-item__content\">\n<p>S\u00ec, gli aggiornamenti software sono inclusi nell&#8217;abbonamento. Gli aggiornamenti vengono notificati tramite l&#8217;applicazione e richiedono l&#8217;installazione manuale da parte dell&#8217;utente. <\/p>\n<\/div><\/details>\n\n\n\n<details class=\"wp-block-themeisle-blocks-accordion-item detail_faq ticss-3ce7863f\"><summary class=\"wp-block-themeisle-blocks-accordion-item__title\"><div><strong>How can I update WhiteRIP to the latest version?<\/strong><\/div><\/summary><div class=\"wp-block-themeisle-blocks-accordion-item__content\">\n<p>Per garantire che WhiteRIP sia sempre aggiornato alla versione pi\u00f9 recente, ci sono due opzioni:<\/p>\n\n\n\n<ul class=\"wp-block-list\">\n<li><strong>Aggiornamento all&#8217;apertura<\/strong>: all&#8217;avvio di WhiteRIP, verr\u00e0 visualizzata una finestra di notifica se \u00e8 disponibile un aggiornamento. Seguire le istruzioni fornite in questa finestra per scaricare e installare l&#8217;aggiornamento pi\u00f9 recente. <\/li>\n<\/ul>\n\n\n\n<p><strong>Aggiornamento manuale<\/strong>: se vuoi controllare manualmente la presenza di aggiornamenti, clicca su &#8220;Opzioni di copia&#8221; nel menu principale e seleziona &#8220;Verifica aggiornamenti online&#8221;. Segui le istruzioni fornite per scaricare e installare gli aggiornamenti disponibili. <\/p>\n<\/div><\/details>\n\n\n\n<details class=\"wp-block-themeisle-blocks-accordion-item detail_faq ticss-3ce7863f\"><summary class=\"wp-block-themeisle-blocks-accordion-item__title\"><div><strong>Can I test the software before buying?<\/strong><\/div><\/summary><div class=\"wp-block-themeisle-blocks-accordion-item__content\">\n<p>S\u00ec, esiste una versione di prova del software base. \u00c8 identica alla versione a pagamento, ma include una filigrana. Non ci sono limiti di tempo o restrizioni per l&#8217;utilizzo della versione di prova.  <\/p>\n<\/div><\/details>\n\n\n\n<details class=\"wp-block-themeisle-blocks-accordion-item detail_faq ticss-3ce7863f\"><summary class=\"wp-block-themeisle-blocks-accordion-item__title\"><div><strong>Is the software immediately available for use after purchase?<\/strong><\/div><\/summary><div class=\"wp-block-themeisle-blocks-accordion-item__content\">\n<p>Dopo la verifica del pagamento, \u00e8 previsto un tempo di elaborazione per la creazione della licenza, che pu\u00f2 variare da poche ore a un massimo di 24 ore.<\/p>\n<\/div><\/details>\n\n\n\n<details class=\"wp-block-themeisle-blocks-accordion-item detail_faq ticss-3ce7863f\"><summary class=\"wp-block-themeisle-blocks-accordion-item__title\"><div><strong>I already installed the demo version; how do I switch to the full version?<\/strong><\/div><\/summary><div class=\"wp-block-themeisle-blocks-accordion-item__content\">\n<p>Per passare alla versione completa, \u00e8 necessario installare la versione acquistata (CONFIGURAZIONE ACQUISTATA).<\/p>\n<\/div><\/details>\n\n\n\n<details class=\"wp-block-themeisle-blocks-accordion-item detail_faq ticss-3ce7863f\"><summary class=\"wp-block-themeisle-blocks-accordion-item__title\"><div><strong>What is the difference between the DTF and DTG\/UV versions?<\/strong><\/div><\/summary><div class=\"wp-block-themeisle-blocks-accordion-item__content\">\n<p>La stampa DTF su pellicola trasferibile per vari materiali, ottimizzando la base bianca per colori vivaci su substrati scuri. La stampa DTG\/UV stampa direttamente su tessuti o superfici, con funzionalit\u00e0 per il pretrattamento e la creazione di effetti speciali. La stampa DTF offre versatilit\u00e0 su pi\u00f9 materiali, mentre la stampa DTG\/UV si concentra sulla qualit\u00e0 e sugli effetti su substrati specifici.  <\/p>\n<\/div><\/details>\n\n\n\n<details class=\"wp-block-themeisle-blocks-accordion-item detail_faq ticss-3ce7863f\"><summary class=\"wp-block-themeisle-blocks-accordion-item__title\"><div><strong>Is a course to learn how to use WhiteRIP included with the purchase?<\/strong><\/div><\/summary><div class=\"wp-block-themeisle-blocks-accordion-item__content\">\n<p>\u00c8 possibile frequentare un corso, ma \u00e8 disponibile solo presso la nostra sede fisica a Treviso, in Italia. In alternativa, \u00e8 possibile richiedere una sessione a distanza della durata massima di un&#8217;ora, durante la quale verranno affrontati gli argomenti principali e verr\u00e0 data risposta alle vostre domande. Inoltre, video e materiali informativi sono disponibili sul nostro sito web e sul nostro canale YouTube, e il nostro supporto tecnico tramite ticket \u00e8 sempre attivo.  <\/p>\n<\/div><\/details>\n\n\n\n<details class=\"wp-block-themeisle-blocks-accordion-item detail_faq ticss-3ce7863f\"><summary class=\"wp-block-themeisle-blocks-accordion-item__title\"><div><strong>I need help with the initial setup required during software installation.<\/strong><\/div><\/summary><div class=\"wp-block-themeisle-blocks-accordion-item__content\">\n<p>Sia per la versione di prova che per quella acquistata, puoi prenotare una connessione desktop remoto con uno dei nostri tecnici, che ti aiuter\u00e0 a configurare il software con la corretta combinazione di slot e opzioni per la tua stampante.<\/p>\n<\/div><\/details>\n\n\n\n<details class=\"wp-block-themeisle-blocks-accordion-item detail_faq ticss-3ce7863f\"><summary class=\"wp-block-themeisle-blocks-accordion-item__title\"><div><strong>How can I create a custom color profile?<\/strong><\/div><\/summary><div class=\"wp-block-themeisle-blocks-accordion-item__content\">\n<p><\/p>\n<\/div><\/details>\n\n\n\n<details class=\"wp-block-themeisle-blocks-accordion-item detail_faq ticss-3ce7863f\"><summary class=\"wp-block-themeisle-blocks-accordion-item__title\"><div><strong>Can I use the software offline?<\/strong><\/div><\/summary><div class=\"wp-block-themeisle-blocks-accordion-item__content\">\n<p>No, il software richiede una connessione internet attiva. Se non hai alternative, contattaci all&#8217;indirizzo sales@whiterip.com per richiedere una versione con chiave hardware HASP. <\/p>\n<\/div><\/details>\n\n\n\n<details class=\"wp-block-themeisle-blocks-accordion-item detail_faq ticss-3ce7863f\"><summary class=\"wp-block-themeisle-blocks-accordion-item__title\"><div><strong>How can I troubleshoot if the software isn&#8217;t working correctly?<\/strong><\/div><\/summary><div class=\"wp-block-themeisle-blocks-accordion-item__content\">\n<p>In caso di problemi, scrivi a support@whiterip.com oppure apri un ticket qui: <a href=\"https:\/\/support.dpidgprinting.com\/\">https:\/\/support.dpidgprinting.com\/<\/a> <\/p>\n<\/div><\/details>\n\n\n\n<details class=\"wp-block-themeisle-blocks-accordion-item detail_faq ticss-3ce7863f\"><summary class=\"wp-block-themeisle-blocks-accordion-item__title\"><div><strong>Are there any advanced features or modules available?<\/strong><\/div><\/summary><div class=\"wp-block-themeisle-blocks-accordion-item__content\">\n<p>S\u00ec, sono disponibili funzionalit\u00e0 e moduli avanzati. Consulta l&#8217;elenco delle funzionalit\u00e0 incluse nel software qui: <a href=\"https:\/\/whiterip.com\/features\/\">Funzionalit\u00e0 di WhiteRIP<\/a> e l&#8217;elenco dei moduli aggiuntivi qui: <a href=\"https:\/\/whiterip.com\/it\/perche-scegliere-whiterip\/\">Perch\u00e9 WhiteRIP<\/a>. <\/p>\n<\/div><\/details>\n\n\n\n<details class=\"wp-block-themeisle-blocks-accordion-item detail_faq ticss-3ce7863f\"><summary class=\"wp-block-themeisle-blocks-accordion-item__title\"><div><strong>Does the software support multi-language functionality?<\/strong><\/div><\/summary><div class=\"wp-block-themeisle-blocks-accordion-item__content\">\n<p>S\u00ec, il software supporta pi\u00f9 lingue.<\/p>\n<\/div><\/details>\n\n\n\n<details class=\"wp-block-themeisle-blocks-accordion-item detail_faq ticss-3ce7863f\"><summary class=\"wp-block-themeisle-blocks-accordion-item__title\"><div><strong>Is white ink supported?<\/strong><\/div><\/summary><div class=\"wp-block-themeisle-blocks-accordion-item__content\">\n<p>S\u00ec, \u00e8 supportato l&#8217;inchiostro bianco.<\/p>\n<\/div><\/details>\n\n\n\n<details class=\"wp-block-themeisle-blocks-accordion-item detail_faq ticss-3ce7863f\"><summary class=\"wp-block-themeisle-blocks-accordion-item__title\"><div><strong>Is varnish ink supported?<\/strong><\/div><\/summary><div class=\"wp-block-themeisle-blocks-accordion-item__content\">\n<p>S\u00ec, l&#8217;inchiostro per vernice \u00e8 supportato.<\/p>\n<\/div><\/details>\n\n\n\n<details class=\"wp-block-themeisle-blocks-accordion-item detail_faq ticss-3ce7863f\"><summary class=\"wp-block-themeisle-blocks-accordion-item__title\"><div><strong>Are fluorescent colors supported?<\/strong><\/div><\/summary><div class=\"wp-block-themeisle-blocks-accordion-item__content\">\n<p>S\u00ec, i colori fluorescenti sono supportati come colori spot.<\/p>\n<\/div><\/details>\n\n\n\n<details class=\"wp-block-themeisle-blocks-accordion-item detail_faq ticss-3ce7863f\"><summary class=\"wp-block-themeisle-blocks-accordion-item__title\"><div><strong>How many maximum color spots are supported?<\/strong><\/div><\/summary><div class=\"wp-block-themeisle-blocks-accordion-item__content\">\n<p>Sono supportati al massimo 2 punti colore.<\/p>\n<\/div><\/details>\n\n\n\n<details class=\"wp-block-themeisle-blocks-accordion-item detail_faq ticss-3ce7863f\"><summary class=\"wp-block-themeisle-blocks-accordion-item__title\"><div><strong>Are lights supported?<\/strong><\/div><\/summary><div class=\"wp-block-themeisle-blocks-accordion-item__content\">\n<p>S\u00ec, le luci sono supportate.<\/p>\n<\/div><\/details>\n\n\n\n<details class=\"wp-block-themeisle-blocks-accordion-item detail_faq ticss-3ce7863f\"><summary class=\"wp-block-themeisle-blocks-accordion-item__title\"><div><strong>Is there a calculation of the printing cost?<\/strong><\/div><\/summary><div class=\"wp-block-themeisle-blocks-accordion-item__content\">\n<p>S\u00ec, \u00e8 disponibile un calcolo dei costi di stampa come componente aggiuntivo, ma non per tutte le stampanti. Consulta l&#8217;elenco delle stampanti compatibili qui:<a href=\"https:\/\/whiterip.com\/supported-plotters\/\"> Plotter supportati.<\/a> <\/p>\n<\/div><\/details>\n\n\n\n<details class=\"wp-block-themeisle-blocks-accordion-item detail_faq ticss-3ce7863f\"><summary class=\"wp-block-themeisle-blocks-accordion-item__title\"><div><strong>How do I know if the software and add-ons support my printer?<\/strong><\/div><\/summary><div class=\"wp-block-themeisle-blocks-accordion-item__content\">\n<p>Per verificare se il software e i componenti aggiuntivi supportano la tua stampante, consulta l&#8217;elenco di compatibilit\u00e0 qui: <a href=\"https:\/\/whiterip.com\/supported-plotters\/\">Plotter supportati<\/a>.<\/p>\n<\/div><\/details>\n<\/div>\n","protected":false},"excerpt":{"rendered":"<p>La nostra pagina &#8220;Utilizzo e funzionalit\u00e0 del software&#8221; spiega tutto ci\u00f2 che devi sapere per utilizzare WhiteRIP in modo efficace. Scopri gli ultimi aggiornamenti software, come installarli e le differenze tra le versioni DTF e DTG\/UV. Scopri le funzionalit\u00e0 avanzate del software, tra cui il supporto per inchiostri bianchi e vernici, colori spot e colori [&hellip;]<\/p>\n","protected":false},"author":1,"featured_media":0,"parent":0,"menu_order":0,"comment_status":"closed","ping_status":"closed","template":"","meta":{"_themeisle_gutenberg_block_has_review":false,"footnotes":""},"class_list":["post-13862","page","type-page","status-publish","hentry"],"yoast_head":"<!-- This site is optimized with the Yoast SEO plugin v27.5 - https:\/\/yoast.com\/product\/yoast-seo-wordpress\/ -->\n<title>Utilizzo e funzionalit\u00e0 del software - Whiterip<\/title>\n<meta name=\"description\" content=\"Esplora l&#039;utilizzo e le funzionalit\u00e0 del software WhiteRIP. Scopri aggiornamenti, versioni di prova, supporto per l&#039;installazione e moduli avanzati.\" \/>\n<meta name=\"robots\" content=\"index, follow, max-snippet:-1, max-image-preview:large, max-video-preview:-1\" \/>\n<link rel=\"canonical\" href=\"https:\/\/whiterip.com\/it\/utilizzo-e-funzionalita-del-software\/\" \/>\n<meta property=\"og:locale\" content=\"it_IT\" \/>\n<meta property=\"og:type\" content=\"article\" \/>\n<meta property=\"og:title\" content=\"Utilizzo e funzionalit\u00e0 del software - Whiterip\" \/>\n<meta property=\"og:description\" content=\"Esplora l&#039;utilizzo e le funzionalit\u00e0 del software WhiteRIP. Scopri aggiornamenti, versioni di prova, supporto per l&#039;installazione e moduli avanzati.\" \/>\n<meta property=\"og:url\" content=\"https:\/\/whiterip.com\/it\/utilizzo-e-funzionalita-del-software\/\" \/>\n<meta property=\"og:site_name\" content=\"Whiterip\" \/>\n<meta property=\"article:publisher\" content=\"https:\/\/www.facebook.com\/WhiteRIP\" \/>\n<meta property=\"article:modified_time\" content=\"2025-09-03T09:49:10+00:00\" \/>\n<meta property=\"og:image\" content=\"https:\/\/whiterip.com\/wp-content\/uploads\/2024\/03\/Logo_Wrip-01.png\" \/>\n\t<meta property=\"og:image:width\" content=\"600\" \/>\n\t<meta property=\"og:image:height\" content=\"340\" \/>\n\t<meta property=\"og:image:type\" content=\"image\/png\" \/>\n<meta name=\"twitter:card\" content=\"summary_large_image\" \/>\n<meta name=\"twitter:label1\" content=\"Tempo di lettura stimato\" \/>\n\t<meta name=\"twitter:data1\" content=\"4 minuti\" \/>\n<script type=\"application\/ld+json\" class=\"yoast-schema-graph\">{\"@context\":\"https:\\\/\\\/schema.org\",\"@graph\":[{\"@type\":\"WebPage\",\"@id\":\"https:\\\/\\\/whiterip.com\\\/it\\\/utilizzo-e-funzionalita-del-software\\\/\",\"url\":\"https:\\\/\\\/whiterip.com\\\/it\\\/utilizzo-e-funzionalita-del-software\\\/\",\"name\":\"Utilizzo e funzionalit\u00e0 del software - Whiterip\",\"isPartOf\":{\"@id\":\"https:\\\/\\\/whiterip.com\\\/it\\\/#website\"},\"datePublished\":\"2024-09-06T07:51:15+00:00\",\"dateModified\":\"2025-09-03T09:49:10+00:00\",\"description\":\"Esplora l'utilizzo e le funzionalit\u00e0 del software WhiteRIP. Scopri aggiornamenti, versioni di prova, supporto per l'installazione e moduli avanzati.\",\"breadcrumb\":{\"@id\":\"https:\\\/\\\/whiterip.com\\\/it\\\/utilizzo-e-funzionalita-del-software\\\/#breadcrumb\"},\"inLanguage\":\"it-IT\",\"potentialAction\":[{\"@type\":\"ReadAction\",\"target\":[\"https:\\\/\\\/whiterip.com\\\/it\\\/utilizzo-e-funzionalita-del-software\\\/\"]}]},{\"@type\":\"BreadcrumbList\",\"@id\":\"https:\\\/\\\/whiterip.com\\\/it\\\/utilizzo-e-funzionalita-del-software\\\/#breadcrumb\",\"itemListElement\":[{\"@type\":\"ListItem\",\"position\":1,\"name\":\"Home\",\"item\":\"https:\\\/\\\/whiterip.com\\\/it\\\/\"},{\"@type\":\"ListItem\",\"position\":2,\"name\":\"Utilizzo e funzionalit\u00e0 del software\"}]},{\"@type\":\"WebSite\",\"@id\":\"https:\\\/\\\/whiterip.com\\\/it\\\/#website\",\"url\":\"https:\\\/\\\/whiterip.com\\\/it\\\/\",\"name\":\"Whiterip\",\"description\":\"Printing software. Simple and powerful\",\"publisher\":{\"@id\":\"https:\\\/\\\/whiterip.com\\\/it\\\/#organization\"},\"alternateName\":\"rip software\",\"potentialAction\":[{\"@type\":\"SearchAction\",\"target\":{\"@type\":\"EntryPoint\",\"urlTemplate\":\"https:\\\/\\\/whiterip.com\\\/it\\\/?s={search_term_string}\"},\"query-input\":{\"@type\":\"PropertyValueSpecification\",\"valueRequired\":true,\"valueName\":\"search_term_string\"}}],\"inLanguage\":\"it-IT\"},{\"@type\":\"Organization\",\"@id\":\"https:\\\/\\\/whiterip.com\\\/it\\\/#organization\",\"name\":\"Whiterip\",\"alternateName\":\"Ev Network srl\",\"url\":\"https:\\\/\\\/whiterip.com\\\/it\\\/\",\"logo\":{\"@type\":\"ImageObject\",\"inLanguage\":\"it-IT\",\"@id\":\"https:\\\/\\\/whiterip.com\\\/it\\\/#\\\/schema\\\/logo\\\/image\\\/\",\"url\":\"https:\\\/\\\/whiterip.com\\\/wp-content\\\/uploads\\\/2024\\\/02\\\/logo_black.png\",\"contentUrl\":\"https:\\\/\\\/whiterip.com\\\/wp-content\\\/uploads\\\/2024\\\/02\\\/logo_black.png\",\"width\":600,\"height\":340,\"caption\":\"Whiterip\"},\"image\":{\"@id\":\"https:\\\/\\\/whiterip.com\\\/it\\\/#\\\/schema\\\/logo\\\/image\\\/\"},\"sameAs\":[\"https:\\\/\\\/www.facebook.com\\\/WhiteRIP\",\"https:\\\/\\\/www.instagram.com\\\/whiteripsoftware\\\/\",\"https:\\\/\\\/www.linkedin.com\\\/showcase\\\/whiterip-professional-rip-software\\\/\",\"https:\\\/\\\/www.youtube.com\\\/channel\\\/UCLQq1zkdviZm3ZHrzAnJovQ\"]}]}<\/script>\n<!-- \/ Yoast SEO plugin. -->","yoast_head_json":{"title":"Utilizzo e funzionalit\u00e0 del software - Whiterip","description":"Esplora l'utilizzo e le funzionalit\u00e0 del software WhiteRIP. Scopri aggiornamenti, versioni di prova, supporto per l'installazione e moduli avanzati.","robots":{"index":"index","follow":"follow","max-snippet":"max-snippet:-1","max-image-preview":"max-image-preview:large","max-video-preview":"max-video-preview:-1"},"canonical":"https:\/\/whiterip.com\/it\/utilizzo-e-funzionalita-del-software\/","og_locale":"it_IT","og_type":"article","og_title":"Utilizzo e funzionalit\u00e0 del software - Whiterip","og_description":"Esplora l'utilizzo e le funzionalit\u00e0 del software WhiteRIP. Scopri aggiornamenti, versioni di prova, supporto per l'installazione e moduli avanzati.","og_url":"https:\/\/whiterip.com\/it\/utilizzo-e-funzionalita-del-software\/","og_site_name":"Whiterip","article_publisher":"https:\/\/www.facebook.com\/WhiteRIP","article_modified_time":"2025-09-03T09:49:10+00:00","og_image":[{"width":600,"height":340,"url":"https:\/\/whiterip.com\/wp-content\/uploads\/2024\/03\/Logo_Wrip-01.png","type":"image\/png"}],"twitter_card":"summary_large_image","twitter_misc":{"Tempo di lettura stimato":"4 minuti"},"schema":{"@context":"https:\/\/schema.org","@graph":[{"@type":"WebPage","@id":"https:\/\/whiterip.com\/it\/utilizzo-e-funzionalita-del-software\/","url":"https:\/\/whiterip.com\/it\/utilizzo-e-funzionalita-del-software\/","name":"Utilizzo e funzionalit\u00e0 del software - Whiterip","isPartOf":{"@id":"https:\/\/whiterip.com\/it\/#website"},"datePublished":"2024-09-06T07:51:15+00:00","dateModified":"2025-09-03T09:49:10+00:00","description":"Esplora l'utilizzo e le funzionalit\u00e0 del software WhiteRIP. Scopri aggiornamenti, versioni di prova, supporto per l'installazione e moduli avanzati.","breadcrumb":{"@id":"https:\/\/whiterip.com\/it\/utilizzo-e-funzionalita-del-software\/#breadcrumb"},"inLanguage":"it-IT","potentialAction":[{"@type":"ReadAction","target":["https:\/\/whiterip.com\/it\/utilizzo-e-funzionalita-del-software\/"]}]},{"@type":"BreadcrumbList","@id":"https:\/\/whiterip.com\/it\/utilizzo-e-funzionalita-del-software\/#breadcrumb","itemListElement":[{"@type":"ListItem","position":1,"name":"Home","item":"https:\/\/whiterip.com\/it\/"},{"@type":"ListItem","position":2,"name":"Utilizzo e funzionalit\u00e0 del software"}]},{"@type":"WebSite","@id":"https:\/\/whiterip.com\/it\/#website","url":"https:\/\/whiterip.com\/it\/","name":"Whiterip","description":"Printing software. Simple and powerful","publisher":{"@id":"https:\/\/whiterip.com\/it\/#organization"},"alternateName":"rip software","potentialAction":[{"@type":"SearchAction","target":{"@type":"EntryPoint","urlTemplate":"https:\/\/whiterip.com\/it\/?s={search_term_string}"},"query-input":{"@type":"PropertyValueSpecification","valueRequired":true,"valueName":"search_term_string"}}],"inLanguage":"it-IT"},{"@type":"Organization","@id":"https:\/\/whiterip.com\/it\/#organization","name":"Whiterip","alternateName":"Ev Network srl","url":"https:\/\/whiterip.com\/it\/","logo":{"@type":"ImageObject","inLanguage":"it-IT","@id":"https:\/\/whiterip.com\/it\/#\/schema\/logo\/image\/","url":"https:\/\/whiterip.com\/wp-content\/uploads\/2024\/02\/logo_black.png","contentUrl":"https:\/\/whiterip.com\/wp-content\/uploads\/2024\/02\/logo_black.png","width":600,"height":340,"caption":"Whiterip"},"image":{"@id":"https:\/\/whiterip.com\/it\/#\/schema\/logo\/image\/"},"sameAs":["https:\/\/www.facebook.com\/WhiteRIP","https:\/\/www.instagram.com\/whiteripsoftware\/","https:\/\/www.linkedin.com\/showcase\/whiterip-professional-rip-software\/","https:\/\/www.youtube.com\/channel\/UCLQq1zkdviZm3ZHrzAnJovQ"]}]}},"_links":{"self":[{"href":"https:\/\/whiterip.com\/it\/wp-json\/wp\/v2\/pages\/13862","targetHints":{"allow":["GET"]}}],"collection":[{"href":"https:\/\/whiterip.com\/it\/wp-json\/wp\/v2\/pages"}],"about":[{"href":"https:\/\/whiterip.com\/it\/wp-json\/wp\/v2\/types\/page"}],"author":[{"embeddable":true,"href":"https:\/\/whiterip.com\/it\/wp-json\/wp\/v2\/users\/1"}],"replies":[{"embeddable":true,"href":"https:\/\/whiterip.com\/it\/wp-json\/wp\/v2\/comments?post=13862"}],"version-history":[{"count":1,"href":"https:\/\/whiterip.com\/it\/wp-json\/wp\/v2\/pages\/13862\/revisions"}],"predecessor-version":[{"id":13863,"href":"https:\/\/whiterip.com\/it\/wp-json\/wp\/v2\/pages\/13862\/revisions\/13863"}],"wp:attachment":[{"href":"https:\/\/whiterip.com\/it\/wp-json\/wp\/v2\/media?parent=13862"}],"curies":[{"name":"wp","href":"https:\/\/api.w.org\/{rel}","templated":true}]}}