{"id":13858,"date":"2024-11-28T14:17:29","date_gmt":"2024-11-28T13:17:29","guid":{"rendered":"https:\/\/whiterip.com\/algoritmi-di-ricampionamento\/"},"modified":"2025-09-03T09:59:29","modified_gmt":"2025-09-03T08:59:29","slug":"algoritmi-di-ricampionamento","status":"publish","type":"page","link":"https:\/\/whiterip.com\/it\/algoritmi-di-ricampionamento\/","title":{"rendered":"Algoritmi di ricampionamento"},"content":{"rendered":"\n<p><strong>Algoritmi di ricampionamento<\/strong>: perfezionamento della qualit\u00e0 delle immagini per la stampa digitale<br\/>Gli algoritmi di ricampionamento sono una funzionalit\u00e0 fondamentale di WhiteRIP, progettata per migliorare la qualit\u00e0 delle immagini ottimizzando risoluzione e nitidezza durante il processo di stampa. Ideale per la stampa professionale e industriale, questa funzionalit\u00e0 garantisce risultati impeccabili anche per i progetti pi\u00f9 complessi. <\/p>\n\n<h4 class=\"wp-block-heading\"><strong><strong><strong><strong>Perch\u00e9 scegliere gli algoritmi di ricampionamento?<\/strong><\/strong><\/strong><\/strong><\/h4>\n\n<div class=\"wp-block-columns alignwide are-vertically-aligned-top is-layout-flex wp-container-core-columns-is-layout-c4cd3678 wp-block-columns-is-layout-flex\" style=\"margin-top:var(--wp--preset--spacing--30);margin-bottom:var(--wp--preset--spacing--30);padding-top:var(--wp--preset--spacing--30);padding-right:0;padding-bottom:var(--wp--preset--spacing--30);padding-left:0\">\n<div class=\"wp-block-column is-vertically-aligned-top is-layout-flow wp-block-column-is-layout-flow\">\n<figure class=\"wp-block-image aligncenter size-full is-resized\"><a href=\"https:\/\/whiterip.com\/wp-content\/uploads\/2024\/11\/performance-1.png\"><img loading=\"lazy\" decoding=\"async\" width=\"512\" height=\"512\" src=\"https:\/\/whiterip.com\/wp-content\/uploads\/2024\/11\/performance-1.png\" alt=\"\" class=\"wp-image-11229\" style=\"object-fit:cover;width:100px;height:100px\" srcset=\"https:\/\/whiterip.com\/wp-content\/uploads\/2024\/11\/performance-1.png 512w, https:\/\/whiterip.com\/wp-content\/uploads\/2024\/11\/performance-1-300x300.png 300w, https:\/\/whiterip.com\/wp-content\/uploads\/2024\/11\/performance-1-250x250.png 250w, https:\/\/whiterip.com\/wp-content\/uploads\/2024\/11\/performance-1-100x100.png 100w\" sizes=\"auto, (max-width: 512px) 100vw, 512px\" \/><\/a><\/figure>\n\n\n\n<p><strong><strong>Qualit\u00e0 dell&#8217;immagine superiore<\/strong><\/strong>:<br\/>Gli algoritmi di ricampionamento garantiscono stampe nitide e dettagliate anche durante il ridimensionamento delle immagini.<\/p>\n<\/div>\n\n\n\n<div class=\"wp-block-column is-vertically-aligned-top is-layout-flow wp-block-column-is-layout-flow\">\n<figure class=\"wp-block-image aligncenter size-full is-resized\"><a href=\"https:\/\/whiterip.com\/wp-content\/uploads\/2024\/11\/flexibility.png\"><img loading=\"lazy\" decoding=\"async\" width=\"512\" height=\"512\" src=\"https:\/\/whiterip.com\/wp-content\/uploads\/2024\/11\/flexibility.png\" alt=\"\" class=\"wp-image-11253\" style=\"object-fit:cover;width:100px;height:100px\" srcset=\"https:\/\/whiterip.com\/wp-content\/uploads\/2024\/11\/flexibility.png 512w, https:\/\/whiterip.com\/wp-content\/uploads\/2024\/11\/flexibility-300x300.png 300w, https:\/\/whiterip.com\/wp-content\/uploads\/2024\/11\/flexibility-250x250.png 250w, https:\/\/whiterip.com\/wp-content\/uploads\/2024\/11\/flexibility-100x100.png 100w\" sizes=\"auto, (max-width: 512px) 100vw, 512px\" \/><\/a><\/figure>\n\n\n\n<p style=\"padding-top:0;padding-right:0;padding-bottom:0;padding-left:0\"><strong>Applicazioni versatili<\/strong>:<br\/>Perfetto per tutti i tipi di design, dalle foto ad alta risoluzione alla grafica vettoriale.<\/p>\n<\/div>\n\n\n\n<div class=\"wp-block-column is-vertically-aligned-top is-layout-flow wp-block-column-is-layout-flow\">\n<figure class=\"wp-block-image aligncenter size-full is-resized\"><a href=\"https:\/\/whiterip.com\/wp-content\/uploads\/2024\/11\/floor.png\"><img loading=\"lazy\" decoding=\"async\" width=\"512\" height=\"512\" src=\"https:\/\/whiterip.com\/wp-content\/uploads\/2024\/11\/floor.png\" alt=\"\" class=\"wp-image-11277\" style=\"object-fit:cover;width:100px;height:100px\" srcset=\"https:\/\/whiterip.com\/wp-content\/uploads\/2024\/11\/floor.png 512w, https:\/\/whiterip.com\/wp-content\/uploads\/2024\/11\/floor-300x300.png 300w, https:\/\/whiterip.com\/wp-content\/uploads\/2024\/11\/floor-250x250.png 250w, https:\/\/whiterip.com\/wp-content\/uploads\/2024\/11\/floor-100x100.png 100w\" sizes=\"auto, (max-width: 512px) 100vw, 512px\" \/><\/a><\/figure>\n\n\n\n<p><strong>Ridimensionamento uniforme<\/strong>:<br\/>Evita pixel o distorsioni quando si ridimensionano le immagini.<\/p>\n<\/div>\n<\/div>\n\n<blockquote class=\"wp-block-quote is-layout-flow wp-block-quote-is-layout-flow\">\n<p class=\"has-normal-font-size\"><strong><strong>Come funzionano gli algoritmi di ricampionamento?<\/strong><\/strong><br\/>Gli algoritmi di ricampionamento analizzano la risoluzione dell&#8217;immagine e regolano la densit\u00e0 dei pixel per mantenere l&#8217;integrit\u00e0 visiva durante il ridimensionamento. Che si tratti di ingrandimento o compressione, gli algoritmi garantiscono nitidezza e chiarezza ottimali interpolando in modo intelligente i dati dei pixel. <\/p>\n<\/blockquote>\n\n<details class=\"wp-block-details is-layout-flow wp-block-details-is-layout-flow\"><summary><strong><strong><strong>Scenario di esempio:<\/strong><\/strong><\/strong><\/summary>\n<p>Un&#8217;immagine a bassa risoluzione destinata alla stampa di grande formato viene elaborata con algoritmi di ricampionamento, ottenendo una stampa nitida e dettagliata, senza pixel visibili.<\/p>\n<\/details>\n\n<figure class=\"wp-block-image aligncenter size-large is-resized is-style-default\" style=\"margin-top:var(--wp--preset--spacing--30);margin-right:0;margin-bottom:var(--wp--preset--spacing--30);margin-left:0\"><a href=\"https:\/\/whiterip.com\/wp-content\/uploads\/2024\/11\/WhiteRIP_SimplePowerful-819x1024.jpg\"><img loading=\"lazy\" decoding=\"async\" width=\"819\" height=\"1024\" src=\"https:\/\/whiterip.com\/wp-content\/uploads\/2024\/11\/WhiteRIP_SimplePowerful-819x1024.jpg\" alt=\"\" class=\"wp-image-3681\" style=\"width:auto;height:650px\" srcset=\"https:\/\/whiterip.com\/wp-content\/uploads\/2024\/11\/WhiteRIP_SimplePowerful-819x1024.jpg 819w, https:\/\/whiterip.com\/wp-content\/uploads\/2024\/11\/WhiteRIP_SimplePowerful-240x300.jpg 240w, https:\/\/whiterip.com\/wp-content\/uploads\/2024\/11\/WhiteRIP_SimplePowerful-768x960.jpg 768w, https:\/\/whiterip.com\/wp-content\/uploads\/2024\/11\/WhiteRIP_SimplePowerful-600x750.jpg 600w, https:\/\/whiterip.com\/wp-content\/uploads\/2024\/11\/WhiteRIP_SimplePowerful.jpg 962w\" sizes=\"auto, (max-width: 819px) 100vw, 819px\" \/><\/a><\/figure>\n\n<h2 class=\"wp-block-heading\"><strong>Domande frequenti (FAQ)<\/strong><\/h2>\n\n<div id=\"wp-block-themeisle-blocks-accordion-f979d8c7\" class=\"wp-block-themeisle-blocks-accordion exclusive has-dark-title-bg\">\n<details class=\"wp-block-themeisle-blocks-accordion-item\"><summary class=\"wp-block-themeisle-blocks-accordion-item__title\"><div><strong>Does Resample Algorithms work with vector graphics?<\/strong><\/div><\/summary><div class=\"wp-block-themeisle-blocks-accordion-item__content\">\n<p>S\u00ec, questa funzionalit\u00e0 \u00e8 compatibile sia con le immagini raster che con la grafica vettoriale, garantendo risultati di alta qualit\u00e0 su tutti i tipi di file.<\/p>\n<\/div><\/details>\n\n\n\n<details class=\"wp-block-themeisle-blocks-accordion-item\"><summary class=\"wp-block-themeisle-blocks-accordion-item__title\"><div>Can I control the level of resampling?<\/div><\/summary><div class=\"wp-block-themeisle-blocks-accordion-item__content\">\n<p>S\u00ec, \u00e8 possibile personalizzare le impostazioni di ricampionamento per adattarle ai requisiti specifici del progetto.<\/p>\n<\/div><\/details>\n\n\n\n<details class=\"wp-block-themeisle-blocks-accordion-item\"><summary class=\"wp-block-themeisle-blocks-accordion-item__title\"><div><strong>Is this feature available in both versions of WhiteRIP?<\/strong><\/div><\/summary><div class=\"wp-block-themeisle-blocks-accordion-item__content\">\n<p>S\u00ec, gli algoritmi di ricampionamento sono inclusi sia nella versione standard che in quella DTF di WhiteRIP.<\/p>\n<\/div><\/details>\n<\/div>\n\n<blockquote class=\"wp-block-quote is-layout-flow wp-block-quote-is-layout-flow\">\n<p class=\"has-normal-font-size\"><strong>Scarica WhiteRIP<\/strong><br\/>Scopri una precisione senza pari nella stampa digitale. Scarica WhiteRIP e migliora la qualit\u00e0 di stampa con gli algoritmi di ricampionamento! <\/p>\n<\/blockquote>\n\n<div class=\"wp-block-buttons is-content-justification-center is-layout-flex wp-container-core-buttons-is-layout-a89b3969 wp-block-buttons-is-layout-flex\">\n<div class=\"wp-block-button\"><a class=\"wp-block-button__link wp-element-button\" href=\"https:\/\/whiterip.com\/trial-version\/\">Scarica<strong> subito <\/strong><strong>la DEMO GRATUITA<\/strong><strong>!<\/strong><\/a><\/div>\n<\/div>\n","protected":false},"excerpt":{"rendered":"<p>Algoritmi di ricampionamento: perfezionamento della qualit\u00e0 delle immagini per la stampa digitaleGli algoritmi di ricampionamento sono una funzionalit\u00e0 fondamentale di WhiteRIP, progettata per migliorare la qualit\u00e0 delle immagini ottimizzando risoluzione e nitidezza durante il processo di stampa. Ideale per la stampa professionale e industriale, questa funzionalit\u00e0 garantisce risultati impeccabili anche per i progetti pi\u00f9 complessi. [&hellip;]<\/p>\n","protected":false},"author":3,"featured_media":0,"parent":0,"menu_order":0,"comment_status":"closed","ping_status":"closed","template":"","meta":{"_themeisle_gutenberg_block_has_review":false,"footnotes":""},"class_list":["post-13858","page","type-page","status-publish","hentry"],"yoast_head":"<!-- This site is optimized with the Yoast SEO plugin v27.5 - https:\/\/yoast.com\/product\/yoast-seo-wordpress\/ -->\n<title>Algoritmi di ricampionamento - Whiterip<\/title>\n<meta name=\"description\" content=\"Migliora la qualit\u00e0 delle tue stampe digitali con gli algoritmi di ricampionamento di WhiteRIP. Scopri come ottimizzare immagini e design per risultati impeccabili.\" \/>\n<meta name=\"robots\" content=\"index, follow, max-snippet:-1, max-image-preview:large, max-video-preview:-1\" \/>\n<link rel=\"canonical\" href=\"https:\/\/whiterip.com\/it\/algoritmi-di-ricampionamento\/\" \/>\n<meta property=\"og:locale\" content=\"it_IT\" \/>\n<meta property=\"og:type\" content=\"article\" \/>\n<meta property=\"og:title\" content=\"Algoritmi di ricampionamento - Whiterip\" \/>\n<meta property=\"og:description\" content=\"Migliora la qualit\u00e0 delle tue stampe digitali con gli algoritmi di ricampionamento di WhiteRIP. Scopri come ottimizzare immagini e design per risultati impeccabili.\" \/>\n<meta property=\"og:url\" content=\"https:\/\/whiterip.com\/it\/algoritmi-di-ricampionamento\/\" \/>\n<meta property=\"og:site_name\" content=\"Whiterip\" \/>\n<meta property=\"article:publisher\" content=\"https:\/\/www.facebook.com\/WhiteRIP\" \/>\n<meta property=\"article:modified_time\" content=\"2025-09-03T08:59:29+00:00\" \/>\n<meta property=\"og:image\" content=\"https:\/\/whiterip.com\/wp-content\/uploads\/2024\/11\/performance-1.png\" \/>\n\t<meta property=\"og:image:width\" content=\"512\" \/>\n\t<meta property=\"og:image:height\" content=\"512\" \/>\n\t<meta property=\"og:image:type\" content=\"image\/png\" \/>\n<meta name=\"twitter:card\" content=\"summary_large_image\" \/>\n<meta name=\"twitter:label1\" content=\"Tempo di lettura stimato\" \/>\n\t<meta name=\"twitter:data1\" content=\"1 minuto\" \/>\n<script type=\"application\/ld+json\" class=\"yoast-schema-graph\">{\"@context\":\"https:\\\/\\\/schema.org\",\"@graph\":[{\"@type\":\"WebPage\",\"@id\":\"https:\\\/\\\/whiterip.com\\\/it\\\/algoritmi-di-ricampionamento\\\/\",\"url\":\"https:\\\/\\\/whiterip.com\\\/it\\\/algoritmi-di-ricampionamento\\\/\",\"name\":\"Algoritmi di ricampionamento - Whiterip\",\"isPartOf\":{\"@id\":\"https:\\\/\\\/whiterip.com\\\/it\\\/#website\"},\"primaryImageOfPage\":{\"@id\":\"https:\\\/\\\/whiterip.com\\\/it\\\/algoritmi-di-ricampionamento\\\/#primaryimage\"},\"image\":{\"@id\":\"https:\\\/\\\/whiterip.com\\\/it\\\/algoritmi-di-ricampionamento\\\/#primaryimage\"},\"thumbnailUrl\":\"https:\\\/\\\/whiterip.com\\\/wp-content\\\/uploads\\\/2024\\\/11\\\/performance-1.png\",\"datePublished\":\"2024-11-28T13:17:29+00:00\",\"dateModified\":\"2025-09-03T08:59:29+00:00\",\"description\":\"Migliora la qualit\u00e0 delle tue stampe digitali con gli algoritmi di ricampionamento di WhiteRIP. Scopri come ottimizzare immagini e design per risultati impeccabili.\",\"breadcrumb\":{\"@id\":\"https:\\\/\\\/whiterip.com\\\/it\\\/algoritmi-di-ricampionamento\\\/#breadcrumb\"},\"inLanguage\":\"it-IT\",\"potentialAction\":[{\"@type\":\"ReadAction\",\"target\":[\"https:\\\/\\\/whiterip.com\\\/it\\\/algoritmi-di-ricampionamento\\\/\"]}]},{\"@type\":\"ImageObject\",\"inLanguage\":\"it-IT\",\"@id\":\"https:\\\/\\\/whiterip.com\\\/it\\\/algoritmi-di-ricampionamento\\\/#primaryimage\",\"url\":\"https:\\\/\\\/whiterip.com\\\/wp-content\\\/uploads\\\/2024\\\/11\\\/performance-1.png\",\"contentUrl\":\"https:\\\/\\\/whiterip.com\\\/wp-content\\\/uploads\\\/2024\\\/11\\\/performance-1.png\"},{\"@type\":\"BreadcrumbList\",\"@id\":\"https:\\\/\\\/whiterip.com\\\/it\\\/algoritmi-di-ricampionamento\\\/#breadcrumb\",\"itemListElement\":[{\"@type\":\"ListItem\",\"position\":1,\"name\":\"Home\",\"item\":\"https:\\\/\\\/whiterip.com\\\/it\\\/\"},{\"@type\":\"ListItem\",\"position\":2,\"name\":\"Algoritmi di ricampionamento\"}]},{\"@type\":\"WebSite\",\"@id\":\"https:\\\/\\\/whiterip.com\\\/it\\\/#website\",\"url\":\"https:\\\/\\\/whiterip.com\\\/it\\\/\",\"name\":\"Whiterip\",\"description\":\"Printing software. Simple and powerful\",\"publisher\":{\"@id\":\"https:\\\/\\\/whiterip.com\\\/it\\\/#organization\"},\"alternateName\":\"rip software\",\"potentialAction\":[{\"@type\":\"SearchAction\",\"target\":{\"@type\":\"EntryPoint\",\"urlTemplate\":\"https:\\\/\\\/whiterip.com\\\/it\\\/?s={search_term_string}\"},\"query-input\":{\"@type\":\"PropertyValueSpecification\",\"valueRequired\":true,\"valueName\":\"search_term_string\"}}],\"inLanguage\":\"it-IT\"},{\"@type\":\"Organization\",\"@id\":\"https:\\\/\\\/whiterip.com\\\/it\\\/#organization\",\"name\":\"Whiterip\",\"alternateName\":\"Ev Network srl\",\"url\":\"https:\\\/\\\/whiterip.com\\\/it\\\/\",\"logo\":{\"@type\":\"ImageObject\",\"inLanguage\":\"it-IT\",\"@id\":\"https:\\\/\\\/whiterip.com\\\/it\\\/#\\\/schema\\\/logo\\\/image\\\/\",\"url\":\"https:\\\/\\\/whiterip.com\\\/wp-content\\\/uploads\\\/2024\\\/02\\\/logo_black.png\",\"contentUrl\":\"https:\\\/\\\/whiterip.com\\\/wp-content\\\/uploads\\\/2024\\\/02\\\/logo_black.png\",\"width\":600,\"height\":340,\"caption\":\"Whiterip\"},\"image\":{\"@id\":\"https:\\\/\\\/whiterip.com\\\/it\\\/#\\\/schema\\\/logo\\\/image\\\/\"},\"sameAs\":[\"https:\\\/\\\/www.facebook.com\\\/WhiteRIP\",\"https:\\\/\\\/www.instagram.com\\\/whiteripsoftware\\\/\",\"https:\\\/\\\/www.linkedin.com\\\/showcase\\\/whiterip-professional-rip-software\\\/\",\"https:\\\/\\\/www.youtube.com\\\/channel\\\/UCLQq1zkdviZm3ZHrzAnJovQ\"]}]}<\/script>\n<!-- \/ Yoast SEO plugin. -->","yoast_head_json":{"title":"Algoritmi di ricampionamento - Whiterip","description":"Migliora la qualit\u00e0 delle tue stampe digitali con gli algoritmi di ricampionamento di WhiteRIP. Scopri come ottimizzare immagini e design per risultati impeccabili.","robots":{"index":"index","follow":"follow","max-snippet":"max-snippet:-1","max-image-preview":"max-image-preview:large","max-video-preview":"max-video-preview:-1"},"canonical":"https:\/\/whiterip.com\/it\/algoritmi-di-ricampionamento\/","og_locale":"it_IT","og_type":"article","og_title":"Algoritmi di ricampionamento - Whiterip","og_description":"Migliora la qualit\u00e0 delle tue stampe digitali con gli algoritmi di ricampionamento di WhiteRIP. Scopri come ottimizzare immagini e design per risultati impeccabili.","og_url":"https:\/\/whiterip.com\/it\/algoritmi-di-ricampionamento\/","og_site_name":"Whiterip","article_publisher":"https:\/\/www.facebook.com\/WhiteRIP","article_modified_time":"2025-09-03T08:59:29+00:00","og_image":[{"width":512,"height":512,"url":"https:\/\/whiterip.com\/wp-content\/uploads\/2024\/11\/performance-1.png","type":"image\/png"}],"twitter_card":"summary_large_image","twitter_misc":{"Tempo di lettura stimato":"1 minuto"},"schema":{"@context":"https:\/\/schema.org","@graph":[{"@type":"WebPage","@id":"https:\/\/whiterip.com\/it\/algoritmi-di-ricampionamento\/","url":"https:\/\/whiterip.com\/it\/algoritmi-di-ricampionamento\/","name":"Algoritmi di ricampionamento - Whiterip","isPartOf":{"@id":"https:\/\/whiterip.com\/it\/#website"},"primaryImageOfPage":{"@id":"https:\/\/whiterip.com\/it\/algoritmi-di-ricampionamento\/#primaryimage"},"image":{"@id":"https:\/\/whiterip.com\/it\/algoritmi-di-ricampionamento\/#primaryimage"},"thumbnailUrl":"https:\/\/whiterip.com\/wp-content\/uploads\/2024\/11\/performance-1.png","datePublished":"2024-11-28T13:17:29+00:00","dateModified":"2025-09-03T08:59:29+00:00","description":"Migliora la qualit\u00e0 delle tue stampe digitali con gli algoritmi di ricampionamento di WhiteRIP. Scopri come ottimizzare immagini e design per risultati impeccabili.","breadcrumb":{"@id":"https:\/\/whiterip.com\/it\/algoritmi-di-ricampionamento\/#breadcrumb"},"inLanguage":"it-IT","potentialAction":[{"@type":"ReadAction","target":["https:\/\/whiterip.com\/it\/algoritmi-di-ricampionamento\/"]}]},{"@type":"ImageObject","inLanguage":"it-IT","@id":"https:\/\/whiterip.com\/it\/algoritmi-di-ricampionamento\/#primaryimage","url":"https:\/\/whiterip.com\/wp-content\/uploads\/2024\/11\/performance-1.png","contentUrl":"https:\/\/whiterip.com\/wp-content\/uploads\/2024\/11\/performance-1.png"},{"@type":"BreadcrumbList","@id":"https:\/\/whiterip.com\/it\/algoritmi-di-ricampionamento\/#breadcrumb","itemListElement":[{"@type":"ListItem","position":1,"name":"Home","item":"https:\/\/whiterip.com\/it\/"},{"@type":"ListItem","position":2,"name":"Algoritmi di ricampionamento"}]},{"@type":"WebSite","@id":"https:\/\/whiterip.com\/it\/#website","url":"https:\/\/whiterip.com\/it\/","name":"Whiterip","description":"Printing software. Simple and powerful","publisher":{"@id":"https:\/\/whiterip.com\/it\/#organization"},"alternateName":"rip software","potentialAction":[{"@type":"SearchAction","target":{"@type":"EntryPoint","urlTemplate":"https:\/\/whiterip.com\/it\/?s={search_term_string}"},"query-input":{"@type":"PropertyValueSpecification","valueRequired":true,"valueName":"search_term_string"}}],"inLanguage":"it-IT"},{"@type":"Organization","@id":"https:\/\/whiterip.com\/it\/#organization","name":"Whiterip","alternateName":"Ev Network srl","url":"https:\/\/whiterip.com\/it\/","logo":{"@type":"ImageObject","inLanguage":"it-IT","@id":"https:\/\/whiterip.com\/it\/#\/schema\/logo\/image\/","url":"https:\/\/whiterip.com\/wp-content\/uploads\/2024\/02\/logo_black.png","contentUrl":"https:\/\/whiterip.com\/wp-content\/uploads\/2024\/02\/logo_black.png","width":600,"height":340,"caption":"Whiterip"},"image":{"@id":"https:\/\/whiterip.com\/it\/#\/schema\/logo\/image\/"},"sameAs":["https:\/\/www.facebook.com\/WhiteRIP","https:\/\/www.instagram.com\/whiteripsoftware\/","https:\/\/www.linkedin.com\/showcase\/whiterip-professional-rip-software\/","https:\/\/www.youtube.com\/channel\/UCLQq1zkdviZm3ZHrzAnJovQ"]}]}},"_links":{"self":[{"href":"https:\/\/whiterip.com\/it\/wp-json\/wp\/v2\/pages\/13858","targetHints":{"allow":["GET"]}}],"collection":[{"href":"https:\/\/whiterip.com\/it\/wp-json\/wp\/v2\/pages"}],"about":[{"href":"https:\/\/whiterip.com\/it\/wp-json\/wp\/v2\/types\/page"}],"author":[{"embeddable":true,"href":"https:\/\/whiterip.com\/it\/wp-json\/wp\/v2\/users\/3"}],"replies":[{"embeddable":true,"href":"https:\/\/whiterip.com\/it\/wp-json\/wp\/v2\/comments?post=13858"}],"version-history":[{"count":1,"href":"https:\/\/whiterip.com\/it\/wp-json\/wp\/v2\/pages\/13858\/revisions"}],"predecessor-version":[{"id":13859,"href":"https:\/\/whiterip.com\/it\/wp-json\/wp\/v2\/pages\/13858\/revisions\/13859"}],"wp:attachment":[{"href":"https:\/\/whiterip.com\/it\/wp-json\/wp\/v2\/media?parent=13858"}],"curies":[{"name":"wp","href":"https:\/\/api.w.org\/{rel}","templated":true}]}}