{"id":13540,"date":"2024-11-29T11:50:18","date_gmt":"2024-11-29T10:50:18","guid":{"rendered":"https:\/\/whiterip.com\/stampa-in-linea\/"},"modified":"2025-07-22T10:14:13","modified_gmt":"2025-07-22T09:14:13","slug":"stampa-in-linea","status":"publish","type":"page","link":"https:\/\/whiterip.com\/it\/stampa-in-linea\/","title":{"rendered":"Stampa in linea"},"content":{"rendered":"\n<p><strong>Stampa in linea: migliora l&#8217;efficienza di stampa<\/strong><br\/>La funzione di <strong>stampa in linea <\/strong>di WhiteRIP consente la stampa continua in tempo reale direttamente dal software, semplificando il flusso di lavoro ed eliminando la necessit\u00e0 di fasi di preparazione dei file separate. Questo strumento \u00e8 perfetto per i settori che richiedono una stampa fluida e ad alta velocit\u00e0 con una configurazione minima. <\/p>\n\n<h4 class=\"wp-block-heading\"><strong><strong><strong><strong>Perch\u00e9 utilizzare la stampa in linea?<\/strong><\/strong><\/strong><\/strong><\/h4>\n\n<div class=\"wp-block-columns alignwide are-vertically-aligned-top is-layout-flex wp-container-core-columns-is-layout-c4cd3678 wp-block-columns-is-layout-flex\" style=\"margin-top:var(--wp--preset--spacing--30);margin-bottom:var(--wp--preset--spacing--30);padding-top:var(--wp--preset--spacing--30);padding-right:0;padding-bottom:var(--wp--preset--spacing--30);padding-left:0\">\n<div class=\"wp-block-column is-vertically-aligned-top is-layout-flow wp-block-column-is-layout-flow\">\n<figure class=\"wp-block-image aligncenter size-full is-resized\"><a href=\"https:\/\/whiterip.com\/wp-content\/uploads\/2024\/11\/boost.png\"><img loading=\"lazy\" decoding=\"async\" width=\"512\" height=\"512\" src=\"https:\/\/whiterip.com\/wp-content\/uploads\/2024\/11\/boost.png\" alt=\"\" class=\"wp-image-3720\" style=\"object-fit:cover;width:100px;height:100px\" srcset=\"https:\/\/whiterip.com\/wp-content\/uploads\/2024\/11\/boost.png 512w, https:\/\/whiterip.com\/wp-content\/uploads\/2024\/11\/boost-300x300.png 300w, https:\/\/whiterip.com\/wp-content\/uploads\/2024\/11\/boost-250x250.png 250w, https:\/\/whiterip.com\/wp-content\/uploads\/2024\/11\/boost-100x100.png 100w\" sizes=\"auto, (max-width: 512px) 100vw, 512px\" \/><\/a><\/figure>\n\n\n\n<p><strong>Flusso di lavoro continuo<\/strong>:<br\/>Stampa direttamente da WhiteRIP senza dover esportare i file, riducendo i tempi tra la progettazione e la stampa.<\/p>\n<\/div>\n\n\n\n<div class=\"wp-block-column is-vertically-aligned-top is-layout-flow wp-block-column-is-layout-flow\">\n<figure class=\"wp-block-image aligncenter size-full is-resized\"><a href=\"https:\/\/whiterip.com\/wp-content\/uploads\/2024\/11\/stopwatch.png\"><img loading=\"lazy\" decoding=\"async\" width=\"512\" height=\"512\" src=\"https:\/\/whiterip.com\/wp-content\/uploads\/2024\/11\/stopwatch.png\" alt=\"\" class=\"wp-image-3719\" style=\"object-fit:cover;width:100px;height:100px\" srcset=\"https:\/\/whiterip.com\/wp-content\/uploads\/2024\/11\/stopwatch.png 512w, https:\/\/whiterip.com\/wp-content\/uploads\/2024\/11\/stopwatch-300x300.png 300w, https:\/\/whiterip.com\/wp-content\/uploads\/2024\/11\/stopwatch-250x250.png 250w, https:\/\/whiterip.com\/wp-content\/uploads\/2024\/11\/stopwatch-100x100.png 100w\" sizes=\"auto, (max-width: 512px) 100vw, 512px\" \/><\/a><\/figure>\n\n\n\n<p style=\"padding-top:0;padding-right:0;padding-bottom:0;padding-left:0\"><strong>Maggiore efficienza:<\/strong><br\/>Evita la preparazione manuale dei file e inizia subito a stampare, migliorando la produttivit\u00e0 complessiva.<\/p>\n<\/div>\n\n\n\n<div class=\"wp-block-column is-vertically-aligned-top is-layout-flow wp-block-column-is-layout-flow\">\n<figure class=\"wp-block-image aligncenter size-full is-resized\"><a href=\"https:\/\/whiterip.com\/wp-content\/uploads\/2024\/11\/efficacy.png\"><img loading=\"lazy\" decoding=\"async\" width=\"512\" height=\"512\" src=\"https:\/\/whiterip.com\/wp-content\/uploads\/2024\/11\/efficacy.png\" alt=\"\" class=\"wp-image-11670\" style=\"object-fit:cover;width:100px;height:100px\" srcset=\"https:\/\/whiterip.com\/wp-content\/uploads\/2024\/11\/efficacy.png 512w, https:\/\/whiterip.com\/wp-content\/uploads\/2024\/11\/efficacy-300x300.png 300w, https:\/\/whiterip.com\/wp-content\/uploads\/2024\/11\/efficacy-250x250.png 250w, https:\/\/whiterip.com\/wp-content\/uploads\/2024\/11\/efficacy-100x100.png 100w\" sizes=\"auto, (max-width: 512px) 100vw, 512px\" \/><\/a><\/figure>\n\n\n\n<p><strong>Coerenza<\/strong>:<br\/>Garantire che ogni processo di stampa mantenga le stesse impostazioni, garantendo il controllo di qualit\u00e0 su tutte le stampe.<\/p>\n<\/div>\n<\/div>\n\n<blockquote class=\"wp-block-quote is-layout-flow wp-block-quote-is-layout-flow\">\n<p class=\"has-normal-font-size\"><strong>Come funziona la stampa in linea?<\/strong><br\/>La stampa in linea in WhiteRIP consente agli utenti di inviare i lavori di stampa direttamente alla stampante man mano che vengono preparati, senza dover eseguire diverse fasi di esportazione o gestione dei file. Una volta configurate le impostazioni di stampa, il lavoro viene elaborato e stampato immediatamente, consentendo tempi di consegna pi\u00f9 rapidi. <\/p>\n<\/blockquote>\n\n<details class=\"wp-block-details is-layout-flow wp-block-details-is-layout-flow\"><summary><strong><strong>Esempio di caso d&#8217;uso:<\/strong><\/strong><\/summary>\n<p>Una tipografia deve elaborare grandi ordini di t-shirt personalizzate. Con la stampa in linea, il design viene elaborato direttamente in WhiteRIP e la stampa inizia immediatamente, senza ulteriori passaggi, velocizzando la produzione e riducendo i ritardi. <\/p>\n<\/details>\n\n<figure class=\"wp-block-image aligncenter size-large is-resized is-style-default\" style=\"margin-top:var(--wp--preset--spacing--30);margin-right:0;margin-bottom:var(--wp--preset--spacing--30);margin-left:0\"><a href=\"https:\/\/whiterip.com\/wp-content\/uploads\/2024\/11\/WhiteRIP_SimplePowerful-819x1024.jpg\"><img loading=\"lazy\" decoding=\"async\" width=\"819\" height=\"1024\" src=\"https:\/\/whiterip.com\/wp-content\/uploads\/2024\/11\/WhiteRIP_SimplePowerful-819x1024.jpg\" alt=\"\" class=\"wp-image-3681\" style=\"width:auto;height:650px\" srcset=\"https:\/\/whiterip.com\/wp-content\/uploads\/2024\/11\/WhiteRIP_SimplePowerful-819x1024.jpg 819w, https:\/\/whiterip.com\/wp-content\/uploads\/2024\/11\/WhiteRIP_SimplePowerful-240x300.jpg 240w, https:\/\/whiterip.com\/wp-content\/uploads\/2024\/11\/WhiteRIP_SimplePowerful-768x960.jpg 768w, https:\/\/whiterip.com\/wp-content\/uploads\/2024\/11\/WhiteRIP_SimplePowerful-600x750.jpg 600w, https:\/\/whiterip.com\/wp-content\/uploads\/2024\/11\/WhiteRIP_SimplePowerful.jpg 962w\" sizes=\"auto, (max-width: 819px) 100vw, 819px\" \/><\/a><\/figure>\n\n<h2 class=\"wp-block-heading\"><strong>Domande frequenti (FAQ)<\/strong><\/h2>\n\n<div id=\"wp-block-themeisle-blocks-accordion-f979d8c7\" class=\"wp-block-themeisle-blocks-accordion exclusive has-dark-title-bg\">\n<details class=\"wp-block-themeisle-blocks-accordion-item\"><summary class=\"wp-block-themeisle-blocks-accordion-item__title\"><div>Do I need to prepare files before using Inline Printing?<\/div><\/summary><div class=\"wp-block-themeisle-blocks-accordion-item__content\">\n<p>No, la stampa in linea consente di stampare direttamente da WhiteRIP senza dover esportare file o passare attraverso fasi di preparazione separate.<\/p>\n<\/div><\/details>\n\n\n\n<details class=\"wp-block-themeisle-blocks-accordion-item\"><summary class=\"wp-block-themeisle-blocks-accordion-item__title\"><div>Is Inline Printing suitable for large print runs?<\/div><\/summary><div class=\"wp-block-themeisle-blocks-accordion-item__content\">\n<p>S\u00ec, la stampa in linea \u00e8 ideale per lavori di stampa di grandi volumi, poich\u00e9 garantisce una produzione rapida e continua, senza ritardi.<\/p>\n<\/div><\/details>\n\n\n\n<details class=\"wp-block-themeisle-blocks-accordion-item\"><summary class=\"wp-block-themeisle-blocks-accordion-item__title\"><div>Is this feature compatible with all printers?<\/div><\/summary><div class=\"wp-block-themeisle-blocks-accordion-item__content\">\n<p>S\u00ec, la stampa in linea funziona con tutte le stampanti supportate da WhiteRIP, ottimizzando il processo di stampa in termini di efficienza e velocit\u00e0.<\/p>\n<\/div><\/details>\n<\/div>\n\n<blockquote class=\"wp-block-quote is-layout-flow wp-block-quote-is-layout-flow\">\n<p class=\"has-normal-font-size\"><strong>Scarica WhiteRIP<\/strong><br\/>Semplifica il tuo flusso di lavoro di stampa con la stampa in linea di WhiteRIP. Elimina i passaggi superflui e velocizza il tuo processo di produzione. <\/p>\n<\/blockquote>\n\n<div class=\"wp-block-buttons is-content-justification-center is-layout-flex wp-container-core-buttons-is-layout-a89b3969 wp-block-buttons-is-layout-flex\">\n<div class=\"wp-block-button\"><a class=\"wp-block-button__link wp-element-button\" href=\"https:\/\/whiterip.com\/trial-version\/\">Scarica<strong> subito <\/strong><strong>la DEMO GRATUITA<\/strong><strong>!<\/strong><\/a><\/div>\n<\/div>\n","protected":false},"excerpt":{"rendered":"<p>Stampa in linea: migliora l&#8217;efficienza di stampaLa funzione di stampa in linea di WhiteRIP consente la stampa continua in tempo reale direttamente dal software, semplificando il flusso di lavoro ed eliminando la necessit\u00e0 di fasi di preparazione dei file separate. Questo strumento \u00e8 perfetto per i settori che richiedono una stampa fluida e ad alta [&hellip;]<\/p>\n","protected":false},"author":3,"featured_media":0,"parent":0,"menu_order":0,"comment_status":"closed","ping_status":"closed","template":"","meta":{"_themeisle_gutenberg_block_has_review":false,"footnotes":""},"class_list":["post-13540","page","type-page","status-publish","hentry"],"yoast_head":"<!-- This site is optimized with the Yoast SEO plugin v27.5 - https:\/\/yoast.com\/product\/yoast-seo-wordpress\/ -->\n<title>Stampa in linea - Whiterip<\/title>\n<meta name=\"description\" content=\"Migliora l&#039;efficienza di stampa con la funzione di stampa in linea di WhiteRIP. Stampa direttamente dal software per una produzione pi\u00f9 rapida e snella.\" \/>\n<meta name=\"robots\" content=\"index, follow, max-snippet:-1, max-image-preview:large, max-video-preview:-1\" \/>\n<link rel=\"canonical\" href=\"https:\/\/whiterip.com\/it\/stampa-in-linea\/\" \/>\n<meta property=\"og:locale\" content=\"it_IT\" \/>\n<meta property=\"og:type\" content=\"article\" \/>\n<meta property=\"og:title\" content=\"Stampa in linea - Whiterip\" \/>\n<meta property=\"og:description\" content=\"Migliora l&#039;efficienza di stampa con la funzione di stampa in linea di WhiteRIP. Stampa direttamente dal software per una produzione pi\u00f9 rapida e snella.\" \/>\n<meta property=\"og:url\" content=\"https:\/\/whiterip.com\/it\/stampa-in-linea\/\" \/>\n<meta property=\"og:site_name\" content=\"Whiterip\" \/>\n<meta property=\"article:publisher\" content=\"https:\/\/www.facebook.com\/WhiteRIP\" \/>\n<meta property=\"article:modified_time\" content=\"2025-07-22T09:14:13+00:00\" \/>\n<meta property=\"og:image\" content=\"https:\/\/whiterip.com\/wp-content\/uploads\/2024\/11\/boost.png\" \/>\n\t<meta property=\"og:image:width\" content=\"512\" \/>\n\t<meta property=\"og:image:height\" content=\"512\" \/>\n\t<meta property=\"og:image:type\" content=\"image\/png\" \/>\n<meta name=\"twitter:card\" content=\"summary_large_image\" \/>\n<meta name=\"twitter:label1\" content=\"Tempo di lettura stimato\" \/>\n\t<meta name=\"twitter:data1\" content=\"2 minuti\" \/>\n<script type=\"application\/ld+json\" class=\"yoast-schema-graph\">{\"@context\":\"https:\\\/\\\/schema.org\",\"@graph\":[{\"@type\":\"WebPage\",\"@id\":\"https:\\\/\\\/whiterip.com\\\/it\\\/stampa-in-linea\\\/\",\"url\":\"https:\\\/\\\/whiterip.com\\\/it\\\/stampa-in-linea\\\/\",\"name\":\"Stampa in linea - Whiterip\",\"isPartOf\":{\"@id\":\"https:\\\/\\\/whiterip.com\\\/it\\\/#website\"},\"primaryImageOfPage\":{\"@id\":\"https:\\\/\\\/whiterip.com\\\/it\\\/stampa-in-linea\\\/#primaryimage\"},\"image\":{\"@id\":\"https:\\\/\\\/whiterip.com\\\/it\\\/stampa-in-linea\\\/#primaryimage\"},\"thumbnailUrl\":\"https:\\\/\\\/whiterip.com\\\/wp-content\\\/uploads\\\/2024\\\/11\\\/boost.png\",\"datePublished\":\"2024-11-29T10:50:18+00:00\",\"dateModified\":\"2025-07-22T09:14:13+00:00\",\"description\":\"Migliora l'efficienza di stampa con la funzione di stampa in linea di WhiteRIP. Stampa direttamente dal software per una produzione pi\u00f9 rapida e snella.\",\"breadcrumb\":{\"@id\":\"https:\\\/\\\/whiterip.com\\\/it\\\/stampa-in-linea\\\/#breadcrumb\"},\"inLanguage\":\"it-IT\",\"potentialAction\":[{\"@type\":\"ReadAction\",\"target\":[\"https:\\\/\\\/whiterip.com\\\/it\\\/stampa-in-linea\\\/\"]}]},{\"@type\":\"ImageObject\",\"inLanguage\":\"it-IT\",\"@id\":\"https:\\\/\\\/whiterip.com\\\/it\\\/stampa-in-linea\\\/#primaryimage\",\"url\":\"https:\\\/\\\/whiterip.com\\\/wp-content\\\/uploads\\\/2024\\\/11\\\/boost.png\",\"contentUrl\":\"https:\\\/\\\/whiterip.com\\\/wp-content\\\/uploads\\\/2024\\\/11\\\/boost.png\"},{\"@type\":\"BreadcrumbList\",\"@id\":\"https:\\\/\\\/whiterip.com\\\/it\\\/stampa-in-linea\\\/#breadcrumb\",\"itemListElement\":[{\"@type\":\"ListItem\",\"position\":1,\"name\":\"Home\",\"item\":\"https:\\\/\\\/whiterip.com\\\/it\\\/\"},{\"@type\":\"ListItem\",\"position\":2,\"name\":\"Stampa in linea\"}]},{\"@type\":\"WebSite\",\"@id\":\"https:\\\/\\\/whiterip.com\\\/it\\\/#website\",\"url\":\"https:\\\/\\\/whiterip.com\\\/it\\\/\",\"name\":\"Whiterip\",\"description\":\"Printing software. Simple and powerful\",\"publisher\":{\"@id\":\"https:\\\/\\\/whiterip.com\\\/it\\\/#organization\"},\"alternateName\":\"rip software\",\"potentialAction\":[{\"@type\":\"SearchAction\",\"target\":{\"@type\":\"EntryPoint\",\"urlTemplate\":\"https:\\\/\\\/whiterip.com\\\/it\\\/?s={search_term_string}\"},\"query-input\":{\"@type\":\"PropertyValueSpecification\",\"valueRequired\":true,\"valueName\":\"search_term_string\"}}],\"inLanguage\":\"it-IT\"},{\"@type\":\"Organization\",\"@id\":\"https:\\\/\\\/whiterip.com\\\/it\\\/#organization\",\"name\":\"Whiterip\",\"alternateName\":\"Ev Network srl\",\"url\":\"https:\\\/\\\/whiterip.com\\\/it\\\/\",\"logo\":{\"@type\":\"ImageObject\",\"inLanguage\":\"it-IT\",\"@id\":\"https:\\\/\\\/whiterip.com\\\/it\\\/#\\\/schema\\\/logo\\\/image\\\/\",\"url\":\"https:\\\/\\\/whiterip.com\\\/wp-content\\\/uploads\\\/2024\\\/02\\\/logo_black.png\",\"contentUrl\":\"https:\\\/\\\/whiterip.com\\\/wp-content\\\/uploads\\\/2024\\\/02\\\/logo_black.png\",\"width\":600,\"height\":340,\"caption\":\"Whiterip\"},\"image\":{\"@id\":\"https:\\\/\\\/whiterip.com\\\/it\\\/#\\\/schema\\\/logo\\\/image\\\/\"},\"sameAs\":[\"https:\\\/\\\/www.facebook.com\\\/WhiteRIP\",\"https:\\\/\\\/www.instagram.com\\\/whiteripsoftware\\\/\",\"https:\\\/\\\/www.linkedin.com\\\/showcase\\\/whiterip-professional-rip-software\\\/\",\"https:\\\/\\\/www.youtube.com\\\/channel\\\/UCLQq1zkdviZm3ZHrzAnJovQ\"]}]}<\/script>\n<!-- \/ Yoast SEO plugin. -->","yoast_head_json":{"title":"Stampa in linea - Whiterip","description":"Migliora l'efficienza di stampa con la funzione di stampa in linea di WhiteRIP. Stampa direttamente dal software per una produzione pi\u00f9 rapida e snella.","robots":{"index":"index","follow":"follow","max-snippet":"max-snippet:-1","max-image-preview":"max-image-preview:large","max-video-preview":"max-video-preview:-1"},"canonical":"https:\/\/whiterip.com\/it\/stampa-in-linea\/","og_locale":"it_IT","og_type":"article","og_title":"Stampa in linea - Whiterip","og_description":"Migliora l'efficienza di stampa con la funzione di stampa in linea di WhiteRIP. Stampa direttamente dal software per una produzione pi\u00f9 rapida e snella.","og_url":"https:\/\/whiterip.com\/it\/stampa-in-linea\/","og_site_name":"Whiterip","article_publisher":"https:\/\/www.facebook.com\/WhiteRIP","article_modified_time":"2025-07-22T09:14:13+00:00","og_image":[{"width":512,"height":512,"url":"https:\/\/whiterip.com\/wp-content\/uploads\/2024\/11\/boost.png","type":"image\/png"}],"twitter_card":"summary_large_image","twitter_misc":{"Tempo di lettura stimato":"2 minuti"},"schema":{"@context":"https:\/\/schema.org","@graph":[{"@type":"WebPage","@id":"https:\/\/whiterip.com\/it\/stampa-in-linea\/","url":"https:\/\/whiterip.com\/it\/stampa-in-linea\/","name":"Stampa in linea - Whiterip","isPartOf":{"@id":"https:\/\/whiterip.com\/it\/#website"},"primaryImageOfPage":{"@id":"https:\/\/whiterip.com\/it\/stampa-in-linea\/#primaryimage"},"image":{"@id":"https:\/\/whiterip.com\/it\/stampa-in-linea\/#primaryimage"},"thumbnailUrl":"https:\/\/whiterip.com\/wp-content\/uploads\/2024\/11\/boost.png","datePublished":"2024-11-29T10:50:18+00:00","dateModified":"2025-07-22T09:14:13+00:00","description":"Migliora l'efficienza di stampa con la funzione di stampa in linea di WhiteRIP. Stampa direttamente dal software per una produzione pi\u00f9 rapida e snella.","breadcrumb":{"@id":"https:\/\/whiterip.com\/it\/stampa-in-linea\/#breadcrumb"},"inLanguage":"it-IT","potentialAction":[{"@type":"ReadAction","target":["https:\/\/whiterip.com\/it\/stampa-in-linea\/"]}]},{"@type":"ImageObject","inLanguage":"it-IT","@id":"https:\/\/whiterip.com\/it\/stampa-in-linea\/#primaryimage","url":"https:\/\/whiterip.com\/wp-content\/uploads\/2024\/11\/boost.png","contentUrl":"https:\/\/whiterip.com\/wp-content\/uploads\/2024\/11\/boost.png"},{"@type":"BreadcrumbList","@id":"https:\/\/whiterip.com\/it\/stampa-in-linea\/#breadcrumb","itemListElement":[{"@type":"ListItem","position":1,"name":"Home","item":"https:\/\/whiterip.com\/it\/"},{"@type":"ListItem","position":2,"name":"Stampa in linea"}]},{"@type":"WebSite","@id":"https:\/\/whiterip.com\/it\/#website","url":"https:\/\/whiterip.com\/it\/","name":"Whiterip","description":"Printing software. Simple and powerful","publisher":{"@id":"https:\/\/whiterip.com\/it\/#organization"},"alternateName":"rip software","potentialAction":[{"@type":"SearchAction","target":{"@type":"EntryPoint","urlTemplate":"https:\/\/whiterip.com\/it\/?s={search_term_string}"},"query-input":{"@type":"PropertyValueSpecification","valueRequired":true,"valueName":"search_term_string"}}],"inLanguage":"it-IT"},{"@type":"Organization","@id":"https:\/\/whiterip.com\/it\/#organization","name":"Whiterip","alternateName":"Ev Network srl","url":"https:\/\/whiterip.com\/it\/","logo":{"@type":"ImageObject","inLanguage":"it-IT","@id":"https:\/\/whiterip.com\/it\/#\/schema\/logo\/image\/","url":"https:\/\/whiterip.com\/wp-content\/uploads\/2024\/02\/logo_black.png","contentUrl":"https:\/\/whiterip.com\/wp-content\/uploads\/2024\/02\/logo_black.png","width":600,"height":340,"caption":"Whiterip"},"image":{"@id":"https:\/\/whiterip.com\/it\/#\/schema\/logo\/image\/"},"sameAs":["https:\/\/www.facebook.com\/WhiteRIP","https:\/\/www.instagram.com\/whiteripsoftware\/","https:\/\/www.linkedin.com\/showcase\/whiterip-professional-rip-software\/","https:\/\/www.youtube.com\/channel\/UCLQq1zkdviZm3ZHrzAnJovQ"]}]}},"_links":{"self":[{"href":"https:\/\/whiterip.com\/it\/wp-json\/wp\/v2\/pages\/13540","targetHints":{"allow":["GET"]}}],"collection":[{"href":"https:\/\/whiterip.com\/it\/wp-json\/wp\/v2\/pages"}],"about":[{"href":"https:\/\/whiterip.com\/it\/wp-json\/wp\/v2\/types\/page"}],"author":[{"embeddable":true,"href":"https:\/\/whiterip.com\/it\/wp-json\/wp\/v2\/users\/3"}],"replies":[{"embeddable":true,"href":"https:\/\/whiterip.com\/it\/wp-json\/wp\/v2\/comments?post=13540"}],"version-history":[{"count":1,"href":"https:\/\/whiterip.com\/it\/wp-json\/wp\/v2\/pages\/13540\/revisions"}],"predecessor-version":[{"id":13541,"href":"https:\/\/whiterip.com\/it\/wp-json\/wp\/v2\/pages\/13540\/revisions\/13541"}],"wp:attachment":[{"href":"https:\/\/whiterip.com\/it\/wp-json\/wp\/v2\/media?parent=13540"}],"curies":[{"name":"wp","href":"https:\/\/api.w.org\/{rel}","templated":true}]}}