{"id":13526,"date":"2024-02-23T09:38:44","date_gmt":"2024-02-23T08:38:44","guid":{"rendered":"https:\/\/whiterip.com\/scarica-la-risorsa\/"},"modified":"2025-07-22T08:29:56","modified_gmt":"2025-07-22T07:29:56","slug":"scarica-la-risorsa","status":"publish","type":"page","link":"https:\/\/whiterip.com\/it\/scarica-la-risorsa\/","title":{"rendered":"Scarica la risorsa"},"content":{"rendered":"\n<h2 class=\"wp-block-heading\">SCARICA LA RISORSA PER WHITERIP 8<\/h2>\n\n<p>I link sottostanti consentono di accedere alla risorsa di download di <strong>Whiterip Downloader<\/strong>, un programma che semplifica l&#8217;installazione dell&#8217;ultima versione di Whiterip. Se si dispone di una chiave hasp e di una licenza, utilizzare la versione &#8220;SETUP ACQUISTATO&#8221;; in caso contrario, scaricare la versione &#8220;prova gratuita&#8221;. <\/p>\n\n<div style=\"height:28px\" aria-hidden=\"true\" class=\"wp-block-spacer\"><\/div>\n\n<div class=\"wp-block-columns ticss-feb45e01 is-layout-flex wp-container-core-columns-is-layout-08c01c1c wp-block-columns-is-layout-flex\">\n<div class=\"wp-block-column is-layout-flow wp-block-column-is-layout-flow\">\n<div class=\"wp-block-group card_rip is-layout-constrained wp-container-core-group-is-layout-da604d14 wp-block-group-is-layout-constrained\" style=\"border-radius:0px;padding-top:0;padding-right:0;padding-bottom:0;padding-left:0\">\n<figure class=\"wp-block-image aligncenter size-full is-resized\"><img loading=\"lazy\" decoding=\"async\" width=\"300\" height=\"434\" src=\"https:\/\/whiterip.com\/wp-content\/uploads\/2024\/02\/WhiteRIP-8.png\" alt=\"\" class=\"wp-image-187\" style=\"aspect-ratio:0.95;object-fit:contain;width:243px;height:auto\" srcset=\"https:\/\/whiterip.com\/wp-content\/uploads\/2024\/02\/WhiteRIP-8.png 300w, https:\/\/whiterip.com\/wp-content\/uploads\/2024\/02\/WhiteRIP-8-207x300.png 207w\" sizes=\"auto, (max-width: 300px) 100vw, 300px\" \/><\/figure>\n\n\n\n<div class=\"wp-block-group has-raft-bg-alt-background-color has-background is-layout-constrained wp-container-core-group-is-layout-ba3d759a wp-block-group-is-layout-constrained\" style=\"padding-top:var(--wp--preset--spacing--50);padding-right:var(--wp--preset--spacing--50);padding-bottom:var(--wp--preset--spacing--50);padding-left:var(--wp--preset--spacing--50)\">\n<div class=\"wp-block-group is-layout-constrained wp-container-core-group-is-layout-e0082cf6 wp-block-group-is-layout-constrained\">\n<h3 class=\"wp-block-heading has-text-align-center has-medium-font-size\">DTG\/UV\/Others<\/h3>\n\n\n\n<p class=\"has-text-align-center has-small-font-size\">Misura 1.67Mb<\/p>\n<\/div>\n\n\n\n<div class=\"wp-block-buttons is-content-justification-center is-layout-flex wp-container-core-buttons-is-layout-a89b3969 wp-block-buttons-is-layout-flex\">\n<div class=\"wp-block-button is-style-outline trial wrip_btn is-style-outline--1\"><a class=\"wp-block-button__link has-border-color wp-element-button\" href=\"https:\/\/whiterip.com\/thanks-for-downloading-whiterip\/?software=dtg\" style=\"border-color:#000000;border-width:3px;border-radius:5px\">PROVA GRATIS*<\/a><\/div>\n<\/div>\n\n\n\n<div class=\"wp-block-buttons is-content-justification-center is-layout-flex wp-container-core-buttons-is-layout-a89b3969 wp-block-buttons-is-layout-flex\">\n<div class=\"wp-block-button is-style-fill wrip_setup\"><a class=\"wp-block-button__link wp-element-button\" href=\"https:\/\/whiterip.com\/thanks-for-downloading-whiterip\/?software=fulldtg\" style=\"border-radius:5px\">CONFIGURAZIONE ACQUISTATA **<\/a><\/div>\n<\/div>\n<\/div>\n<\/div>\n<\/div>\n\n\n\n<div class=\"wp-block-column is-layout-flow wp-block-column-is-layout-flow\">\n<div class=\"wp-block-group card_rip ticss-c23cbfb0 is-layout-constrained wp-container-core-group-is-layout-da604d14 wp-block-group-is-layout-constrained\" style=\"padding-top:0;padding-right:0;padding-bottom:0;padding-left:0\">\n<figure class=\"wp-block-image aligncenter size-full is-resized\"><img loading=\"lazy\" decoding=\"async\" width=\"300\" height=\"434\" src=\"https:\/\/whiterip.com\/wp-content\/uploads\/2024\/02\/WhiteRIP-8-DTF.png\" alt=\"\" class=\"wp-image-188\" style=\"aspect-ratio:0.95;object-fit:contain;width:242px;height:auto\" srcset=\"https:\/\/whiterip.com\/wp-content\/uploads\/2024\/02\/WhiteRIP-8-DTF.png 300w, https:\/\/whiterip.com\/wp-content\/uploads\/2024\/02\/WhiteRIP-8-DTF-207x300.png 207w\" sizes=\"auto, (max-width: 300px) 100vw, 300px\" \/><\/figure>\n\n\n\n<div class=\"wp-block-group has-raft-bg-alt-background-color has-background is-layout-constrained wp-container-core-group-is-layout-ba3d759a wp-block-group-is-layout-constrained\" style=\"padding-top:var(--wp--preset--spacing--50);padding-right:var(--wp--preset--spacing--50);padding-bottom:var(--wp--preset--spacing--50);padding-left:var(--wp--preset--spacing--50)\">\n<div class=\"wp-block-group is-layout-constrained wp-container-core-group-is-layout-e0082cf6 wp-block-group-is-layout-constrained\">\n<h3 class=\"wp-block-heading has-text-align-center has-medium-font-size\">DTF<\/h3>\n\n\n\n<p class=\"has-text-align-center has-small-font-size\">Misura 1.67Mb<\/p>\n<\/div>\n\n\n\n<div class=\"wp-block-buttons is-content-justification-center is-layout-flex wp-container-core-buttons-is-layout-a89b3969 wp-block-buttons-is-layout-flex\">\n<div class=\"wp-block-button is-style-outline trial wrip_btn is-style-outline--2\"><a class=\"wp-block-button__link has-border-color wp-element-button\" href=\"https:\/\/whiterip.com\/thanks-for-downloading-whiterip\/?software=dtf\" style=\"border-color:#000000;border-width:3px;border-radius:5px\">PROVA GRATIS*<\/a><\/div>\n<\/div>\n\n\n\n<div class=\"wp-block-buttons is-content-justification-center is-layout-flex wp-container-core-buttons-is-layout-a89b3969 wp-block-buttons-is-layout-flex\">\n<div class=\"wp-block-button is-style-fill wrip_setup ticss-3fa9124d\"><a class=\"wp-block-button__link wp-element-button\" href=\"https:\/\/whiterip.com\/thanks-for-downloading-whiterip\/?software=fulldtf\" style=\"border-radius:5px\">CONFIGURAZIONE ACQUISTATA **<\/a><\/div>\n<\/div>\n<\/div>\n<\/div>\n<\/div>\n<\/div>\n\n<p class=\"has-small-font-size\">Nota:<br\/>* Per valutare correttamente la qualit\u00e0 del nostro software \u00e8 importante utilizzare immagini di alta qualit\u00e0 e le impostazioni corrette per lo slot dell&#8217;inchiostro. In caso di domande o problemi, contattare l&#8217;assistenza tecnica che sar\u00e0 lieta di aiutarvi a testare la versione di prova del software. Consultate le sezioni dedicate ai tutorial.<br\/>Per qualsiasi informazione o problema, contattateci all&#8217;indirizzo support@whiterip.com<br\/>** L&#8217;INSTALLAZIONE ACQUISTATA funziona solo se si dispone di una licenza valida e di una chiave hasp.  <\/p>\n\n<hr class=\"wp-block-separator has-alpha-channel-opacity\"\/>\n\n<h2 class=\"wp-block-heading\">SOFTWARE AGGIUNTIVO <\/h2>\n\n<ul class=\"wp-block-list\">\n<li><a href=\"https:\/\/cpl.thalesgroup.com\/it\/software-monetization\/sentinel-drivers\">Driver hasp Sentinel<\/a> (chiave Hasp)<\/li>\n<\/ul>\n\n<figure class=\"wp-block-table ticss-a84d1ab4\"><table class=\"has-fixed-layout\"><tbody><tr><td>Nome<\/td><td>Sentinel_LDK_Run-time_setup.zip<\/td><\/tr><tr><td>Versione<\/td><td>10.11<\/td><\/tr><tr><td>Data<\/td><td>2024-09-16<\/td><\/tr><tr><td>Misura<\/td><td>38.07 MB<\/td><\/tr><tr><td>md5hash<\/td><td>f4537bca6683a990c792d44d66601a31<\/td><\/tr><tr><td>Link<\/td><td><a href=\"https:\/\/supportportalsirius.thalesgroup.com\/Files%2F160b02e5db92e78cfe0aff3dbf9619bc%2FSentinel_LDK_Run-time_setup.zip?Expires=1730813172195&amp;KeyName=sirius-prod-signing-key&amp;Signature=Vp4F-z6mphpcIXNwxBF9fu83oZk\">https:\/\/supportportalsirius.thalesgroup.com\/Files%2F160b02e5db92e78cfe0aff3dbf9619bc%2FSentinel_LDK_Run-time_setup.zip?Expires=1730813172195&amp;KeyName=sirius-prod-signing-key&amp;Signature=Vp4F-z6mphpcIXNwxBF9fu83oZk<\/a><\/td><\/tr><\/tbody><\/table><\/figure>\n\n<ul class=\"wp-block-list\">\n<li><a href=\"https:\/\/www.supremocontrol.com\/it\/\" data-type=\"link\" data-id=\"https:\/\/www.supremocontrol.com\/it\/\">SUPREMO <\/a>(assistenza a distanza)<\/li>\n<\/ul>\n\n<figure class=\"wp-block-table\"><table class=\"has-fixed-layout\"><tbody><tr><td>Nome<\/td><td>SUPREMO<\/td><\/tr><tr><td>Link<\/td><td><a href=\"https:\/\/www.nanosystems.it\/public\/download\/Supremo.exe\">https:\/\/www.nanosystems.it\/public\/download\/Supremo.exe<\/a><\/td><\/tr><\/tbody><\/table><\/figure>\n\n<ul class=\"wp-block-list\">\n<li><a href=\"https:\/\/evnetwork.it\/teleassistenza.php\" data-type=\"link\" data-id=\"https:\/\/www.supremocontrol.com\/it\/\">RUSTDESK <\/a>(assistenza a distanza)<\/li>\n<\/ul>\n\n<figure class=\"wp-block-table\"><table class=\"has-fixed-layout\"><tbody><tr><td>Nome<\/td><td>SUPREMO<\/td><\/tr><tr><td>Link<\/td><td><a href=\"https:\/\/evnetwork.it\/teleassistenza.php\">https:\/\/evnetwork.it\/teleassistenza.php<\/a><\/td><\/tr><\/tbody><\/table><\/figure>\n\n<hr class=\"wp-block-separator has-alpha-channel-opacity\"\/>\n\n<h2 class=\"wp-block-heading\">BROCHURE<\/h2>\n\n<h2 class=\"wp-block-heading\"><\/h2>\n\n<div data-wp-interactive=\"core\/file\" class=\"wp-block-file aligncenter wrip_low ticss-9c1f924d\"><object data-wp-bind--hidden=\"!state.hasPdfPreview\" hidden class=\"wp-block-file__embed\" data=\"https:\/\/whiterip.com\/wp-content\/uploads\/2024\/02\/WhiteRIP8_low.pdf\" type=\"application\/pdf\" style=\"width:100%;height:600px\" aria-label=\"Incorporamento di WhiteRIP8 low.\"><\/object><a id=\"wp-block-file--media-4ffcb1a7-deee-4149-bbd1-10a8593606f5\" href=\"https:\/\/whiterip.com\/wp-content\/uploads\/2024\/02\/WhiteRIP8_low.pdf\" target=\"_blank\" rel=\"noreferrer noopener\">WhiteRIP8 basso<\/a><a href=\"https:\/\/whiterip.com\/wp-content\/uploads\/2024\/02\/WhiteRIP8_low.pdf\" class=\"wp-block-file__button wp-element-button\" download=\"\" aria-describedby=\"wp-block-file--media-4ffcb1a7-deee-4149-bbd1-10a8593606f5\">Download<\/a><\/div>\n","protected":false},"excerpt":{"rendered":"<p>SCARICA LA RISORSA PER WHITERIP 8 I link sottostanti consentono di accedere alla risorsa di download di Whiterip Downloader, un programma che semplifica l&#8217;installazione dell&#8217;ultima versione di Whiterip. Se si dispone di una chiave hasp e di una licenza, utilizzare la versione &#8220;SETUP ACQUISTATO&#8221;; in caso contrario, scaricare la versione &#8220;prova gratuita&#8221;. DTG\/UV\/Others Misura 1.67Mb [&hellip;]<\/p>\n","protected":false},"author":1,"featured_media":0,"parent":0,"menu_order":0,"comment_status":"closed","ping_status":"closed","template":"","meta":{"_themeisle_gutenberg_block_has_review":false,"footnotes":""},"class_list":["post-13526","page","type-page","status-publish","hentry"],"yoast_head":"<!-- This site is optimized with the Yoast SEO plugin v27.4 - https:\/\/yoast.com\/product\/yoast-seo-wordpress\/ -->\n<title>Scarica la risorsa - Whiterip<\/title>\n<meta name=\"description\" content=\"Scarica risorse per WhiteRIP. Trova aggiornamenti software, manuali utente e componenti aggiuntivi per migliorare le tue capacit\u00e0 di stampa.\" \/>\n<meta name=\"robots\" content=\"index, follow, max-snippet:-1, max-image-preview:large, max-video-preview:-1\" \/>\n<link rel=\"canonical\" href=\"https:\/\/whiterip.com\/it\/scarica-la-risorsa\/\" \/>\n<meta property=\"og:locale\" content=\"it_IT\" \/>\n<meta property=\"og:type\" content=\"article\" \/>\n<meta property=\"og:title\" content=\"Scarica la risorsa - Whiterip\" \/>\n<meta property=\"og:description\" content=\"Scarica risorse per WhiteRIP. Trova aggiornamenti software, manuali utente e componenti aggiuntivi per migliorare le tue capacit\u00e0 di stampa.\" \/>\n<meta property=\"og:url\" content=\"https:\/\/whiterip.com\/it\/scarica-la-risorsa\/\" \/>\n<meta property=\"og:site_name\" content=\"Whiterip\" \/>\n<meta property=\"article:publisher\" content=\"https:\/\/www.facebook.com\/WhiteRIP\" \/>\n<meta property=\"article:modified_time\" content=\"2025-07-22T07:29:56+00:00\" \/>\n<meta property=\"og:image\" content=\"https:\/\/whiterip.com\/wp-content\/uploads\/2024\/02\/WhiteRIP-8.png\" \/>\n\t<meta property=\"og:image:width\" content=\"300\" \/>\n\t<meta property=\"og:image:height\" content=\"434\" \/>\n\t<meta property=\"og:image:type\" content=\"image\/png\" \/>\n<meta name=\"twitter:card\" content=\"summary_large_image\" \/>\n<meta name=\"twitter:label1\" content=\"Tempo di lettura stimato\" \/>\n\t<meta name=\"twitter:data1\" content=\"1 minuto\" \/>\n<script type=\"application\/ld+json\" class=\"yoast-schema-graph\">{\"@context\":\"https:\\\/\\\/schema.org\",\"@graph\":[{\"@type\":\"WebPage\",\"@id\":\"https:\\\/\\\/whiterip.com\\\/it\\\/scarica-la-risorsa\\\/\",\"url\":\"https:\\\/\\\/whiterip.com\\\/it\\\/scarica-la-risorsa\\\/\",\"name\":\"Scarica la risorsa - Whiterip\",\"isPartOf\":{\"@id\":\"https:\\\/\\\/whiterip.com\\\/it\\\/#website\"},\"primaryImageOfPage\":{\"@id\":\"https:\\\/\\\/whiterip.com\\\/it\\\/scarica-la-risorsa\\\/#primaryimage\"},\"image\":{\"@id\":\"https:\\\/\\\/whiterip.com\\\/it\\\/scarica-la-risorsa\\\/#primaryimage\"},\"thumbnailUrl\":\"https:\\\/\\\/whiterip.com\\\/wp-content\\\/uploads\\\/2024\\\/02\\\/WhiteRIP-8.png\",\"datePublished\":\"2024-02-23T08:38:44+00:00\",\"dateModified\":\"2025-07-22T07:29:56+00:00\",\"description\":\"Scarica risorse per WhiteRIP. Trova aggiornamenti software, manuali utente e componenti aggiuntivi per migliorare le tue capacit\u00e0 di stampa.\",\"breadcrumb\":{\"@id\":\"https:\\\/\\\/whiterip.com\\\/it\\\/scarica-la-risorsa\\\/#breadcrumb\"},\"inLanguage\":\"it-IT\",\"potentialAction\":[{\"@type\":\"ReadAction\",\"target\":[\"https:\\\/\\\/whiterip.com\\\/it\\\/scarica-la-risorsa\\\/\"]}]},{\"@type\":\"ImageObject\",\"inLanguage\":\"it-IT\",\"@id\":\"https:\\\/\\\/whiterip.com\\\/it\\\/scarica-la-risorsa\\\/#primaryimage\",\"url\":\"https:\\\/\\\/whiterip.com\\\/wp-content\\\/uploads\\\/2024\\\/02\\\/WhiteRIP-8.png\",\"contentUrl\":\"https:\\\/\\\/whiterip.com\\\/wp-content\\\/uploads\\\/2024\\\/02\\\/WhiteRIP-8.png\"},{\"@type\":\"BreadcrumbList\",\"@id\":\"https:\\\/\\\/whiterip.com\\\/it\\\/scarica-la-risorsa\\\/#breadcrumb\",\"itemListElement\":[{\"@type\":\"ListItem\",\"position\":1,\"name\":\"Home\",\"item\":\"https:\\\/\\\/whiterip.com\\\/it\\\/\"},{\"@type\":\"ListItem\",\"position\":2,\"name\":\"Scarica la risorsa\"}]},{\"@type\":\"WebSite\",\"@id\":\"https:\\\/\\\/whiterip.com\\\/it\\\/#website\",\"url\":\"https:\\\/\\\/whiterip.com\\\/it\\\/\",\"name\":\"Whiterip\",\"description\":\"Printing software. Simple and powerful\",\"publisher\":{\"@id\":\"https:\\\/\\\/whiterip.com\\\/it\\\/#organization\"},\"alternateName\":\"rip software\",\"potentialAction\":[{\"@type\":\"SearchAction\",\"target\":{\"@type\":\"EntryPoint\",\"urlTemplate\":\"https:\\\/\\\/whiterip.com\\\/it\\\/?s={search_term_string}\"},\"query-input\":{\"@type\":\"PropertyValueSpecification\",\"valueRequired\":true,\"valueName\":\"search_term_string\"}}],\"inLanguage\":\"it-IT\"},{\"@type\":\"Organization\",\"@id\":\"https:\\\/\\\/whiterip.com\\\/it\\\/#organization\",\"name\":\"Whiterip\",\"alternateName\":\"Ev Network srl\",\"url\":\"https:\\\/\\\/whiterip.com\\\/it\\\/\",\"logo\":{\"@type\":\"ImageObject\",\"inLanguage\":\"it-IT\",\"@id\":\"https:\\\/\\\/whiterip.com\\\/it\\\/#\\\/schema\\\/logo\\\/image\\\/\",\"url\":\"https:\\\/\\\/whiterip.com\\\/wp-content\\\/uploads\\\/2024\\\/02\\\/logo_black.png\",\"contentUrl\":\"https:\\\/\\\/whiterip.com\\\/wp-content\\\/uploads\\\/2024\\\/02\\\/logo_black.png\",\"width\":600,\"height\":340,\"caption\":\"Whiterip\"},\"image\":{\"@id\":\"https:\\\/\\\/whiterip.com\\\/it\\\/#\\\/schema\\\/logo\\\/image\\\/\"},\"sameAs\":[\"https:\\\/\\\/www.facebook.com\\\/WhiteRIP\",\"https:\\\/\\\/www.instagram.com\\\/whiteripsoftware\\\/\",\"https:\\\/\\\/www.linkedin.com\\\/showcase\\\/whiterip-professional-rip-software\\\/\",\"https:\\\/\\\/www.youtube.com\\\/channel\\\/UCLQq1zkdviZm3ZHrzAnJovQ\"]}]}<\/script>\n<!-- \/ Yoast SEO plugin. -->","yoast_head_json":{"title":"Scarica la risorsa - Whiterip","description":"Scarica risorse per WhiteRIP. Trova aggiornamenti software, manuali utente e componenti aggiuntivi per migliorare le tue capacit\u00e0 di stampa.","robots":{"index":"index","follow":"follow","max-snippet":"max-snippet:-1","max-image-preview":"max-image-preview:large","max-video-preview":"max-video-preview:-1"},"canonical":"https:\/\/whiterip.com\/it\/scarica-la-risorsa\/","og_locale":"it_IT","og_type":"article","og_title":"Scarica la risorsa - Whiterip","og_description":"Scarica risorse per WhiteRIP. Trova aggiornamenti software, manuali utente e componenti aggiuntivi per migliorare le tue capacit\u00e0 di stampa.","og_url":"https:\/\/whiterip.com\/it\/scarica-la-risorsa\/","og_site_name":"Whiterip","article_publisher":"https:\/\/www.facebook.com\/WhiteRIP","article_modified_time":"2025-07-22T07:29:56+00:00","og_image":[{"width":300,"height":434,"url":"https:\/\/whiterip.com\/wp-content\/uploads\/2024\/02\/WhiteRIP-8.png","type":"image\/png"}],"twitter_card":"summary_large_image","twitter_misc":{"Tempo di lettura stimato":"1 minuto"},"schema":{"@context":"https:\/\/schema.org","@graph":[{"@type":"WebPage","@id":"https:\/\/whiterip.com\/it\/scarica-la-risorsa\/","url":"https:\/\/whiterip.com\/it\/scarica-la-risorsa\/","name":"Scarica la risorsa - Whiterip","isPartOf":{"@id":"https:\/\/whiterip.com\/it\/#website"},"primaryImageOfPage":{"@id":"https:\/\/whiterip.com\/it\/scarica-la-risorsa\/#primaryimage"},"image":{"@id":"https:\/\/whiterip.com\/it\/scarica-la-risorsa\/#primaryimage"},"thumbnailUrl":"https:\/\/whiterip.com\/wp-content\/uploads\/2024\/02\/WhiteRIP-8.png","datePublished":"2024-02-23T08:38:44+00:00","dateModified":"2025-07-22T07:29:56+00:00","description":"Scarica risorse per WhiteRIP. Trova aggiornamenti software, manuali utente e componenti aggiuntivi per migliorare le tue capacit\u00e0 di stampa.","breadcrumb":{"@id":"https:\/\/whiterip.com\/it\/scarica-la-risorsa\/#breadcrumb"},"inLanguage":"it-IT","potentialAction":[{"@type":"ReadAction","target":["https:\/\/whiterip.com\/it\/scarica-la-risorsa\/"]}]},{"@type":"ImageObject","inLanguage":"it-IT","@id":"https:\/\/whiterip.com\/it\/scarica-la-risorsa\/#primaryimage","url":"https:\/\/whiterip.com\/wp-content\/uploads\/2024\/02\/WhiteRIP-8.png","contentUrl":"https:\/\/whiterip.com\/wp-content\/uploads\/2024\/02\/WhiteRIP-8.png"},{"@type":"BreadcrumbList","@id":"https:\/\/whiterip.com\/it\/scarica-la-risorsa\/#breadcrumb","itemListElement":[{"@type":"ListItem","position":1,"name":"Home","item":"https:\/\/whiterip.com\/it\/"},{"@type":"ListItem","position":2,"name":"Scarica la risorsa"}]},{"@type":"WebSite","@id":"https:\/\/whiterip.com\/it\/#website","url":"https:\/\/whiterip.com\/it\/","name":"Whiterip","description":"Printing software. Simple and powerful","publisher":{"@id":"https:\/\/whiterip.com\/it\/#organization"},"alternateName":"rip software","potentialAction":[{"@type":"SearchAction","target":{"@type":"EntryPoint","urlTemplate":"https:\/\/whiterip.com\/it\/?s={search_term_string}"},"query-input":{"@type":"PropertyValueSpecification","valueRequired":true,"valueName":"search_term_string"}}],"inLanguage":"it-IT"},{"@type":"Organization","@id":"https:\/\/whiterip.com\/it\/#organization","name":"Whiterip","alternateName":"Ev Network srl","url":"https:\/\/whiterip.com\/it\/","logo":{"@type":"ImageObject","inLanguage":"it-IT","@id":"https:\/\/whiterip.com\/it\/#\/schema\/logo\/image\/","url":"https:\/\/whiterip.com\/wp-content\/uploads\/2024\/02\/logo_black.png","contentUrl":"https:\/\/whiterip.com\/wp-content\/uploads\/2024\/02\/logo_black.png","width":600,"height":340,"caption":"Whiterip"},"image":{"@id":"https:\/\/whiterip.com\/it\/#\/schema\/logo\/image\/"},"sameAs":["https:\/\/www.facebook.com\/WhiteRIP","https:\/\/www.instagram.com\/whiteripsoftware\/","https:\/\/www.linkedin.com\/showcase\/whiterip-professional-rip-software\/","https:\/\/www.youtube.com\/channel\/UCLQq1zkdviZm3ZHrzAnJovQ"]}]}},"_links":{"self":[{"href":"https:\/\/whiterip.com\/it\/wp-json\/wp\/v2\/pages\/13526","targetHints":{"allow":["GET"]}}],"collection":[{"href":"https:\/\/whiterip.com\/it\/wp-json\/wp\/v2\/pages"}],"about":[{"href":"https:\/\/whiterip.com\/it\/wp-json\/wp\/v2\/types\/page"}],"author":[{"embeddable":true,"href":"https:\/\/whiterip.com\/it\/wp-json\/wp\/v2\/users\/1"}],"replies":[{"embeddable":true,"href":"https:\/\/whiterip.com\/it\/wp-json\/wp\/v2\/comments?post=13526"}],"version-history":[{"count":1,"href":"https:\/\/whiterip.com\/it\/wp-json\/wp\/v2\/pages\/13526\/revisions"}],"predecessor-version":[{"id":13527,"href":"https:\/\/whiterip.com\/it\/wp-json\/wp\/v2\/pages\/13526\/revisions\/13527"}],"wp:attachment":[{"href":"https:\/\/whiterip.com\/it\/wp-json\/wp\/v2\/media?parent=13526"}],"curies":[{"name":"wp","href":"https:\/\/api.w.org\/{rel}","templated":true}]}}