{"id":11890,"date":"2024-11-28T14:52:07","date_gmt":"2024-11-28T13:52:07","guid":{"rendered":"https:\/\/whiterip.com\/specchiatura-automatica\/"},"modified":"2025-01-08T11:04:59","modified_gmt":"2025-01-08T10:04:59","slug":"specchiatura-automatica","status":"publish","type":"page","link":"https:\/\/whiterip.com\/it\/specchiatura-automatica\/","title":{"rendered":"Specchiatura automatica"},"content":{"rendered":"\n<p><strong>Auto Mirroring: Stampa su pi\u00f9 lati senza sforzo<\/strong><br\/>L&#8217;Auto Mirroring \u00e8 una funzione innovativa di WhiteRIP progettata per semplificare la stampa su pi\u00f9 lati generando automaticamente disegni speculari. Questa funzionalit\u00e0 \u00e8 perfetta per applicazioni come la stampa tessile, l&#8217;imballaggio e i progetti fronte\/retro, consentendo di risparmiare tempo e di garantire un allineamento perfetto.<\/p>\n\n<h4 class=\"wp-block-heading\"><strong><strong><strong><strong>Perch\u00e9 scegliere il mirroring automatico?<\/strong><\/strong><\/strong><\/strong><\/h4>\n\n<div class=\"wp-block-columns alignwide are-vertically-aligned-top is-layout-flex wp-container-core-columns-is-layout-c4cd3678 wp-block-columns-is-layout-flex\" style=\"margin-top:var(--wp--preset--spacing--30);margin-bottom:var(--wp--preset--spacing--30);padding-top:var(--wp--preset--spacing--30);padding-right:0;padding-bottom:var(--wp--preset--spacing--30);padding-left:0\">\n<div class=\"wp-block-column is-vertically-aligned-top is-layout-flow wp-block-column-is-layout-flow\">\n<figure class=\"wp-block-image aligncenter size-full is-resized\"><a href=\"https:\/\/whiterip.com\/wp-content\/uploads\/2024\/11\/streamlined.png\"><img loading=\"lazy\" decoding=\"async\" width=\"512\" height=\"512\" src=\"https:\/\/whiterip.com\/wp-content\/uploads\/2024\/11\/streamlined.png\" alt=\"\" class=\"wp-image-11382\" style=\"object-fit:cover;width:100px;height:100px\" srcset=\"https:\/\/whiterip.com\/wp-content\/uploads\/2024\/11\/streamlined.png 512w, https:\/\/whiterip.com\/wp-content\/uploads\/2024\/11\/streamlined-300x300.png 300w, https:\/\/whiterip.com\/wp-content\/uploads\/2024\/11\/streamlined-250x250.png 250w, https:\/\/whiterip.com\/wp-content\/uploads\/2024\/11\/streamlined-100x100.png 100w\" sizes=\"auto, (max-width: 512px) 100vw, 512px\" \/><\/a><\/figure>\n\n\n\n<p><strong><strong>Flusso di lavoro semplificato:<\/strong><\/strong><br\/>Crea automaticamente disegni speculari, eliminando la modifica manuale.<\/p>\n<\/div>\n\n\n\n<div class=\"wp-block-column is-vertically-aligned-top is-layout-flow wp-block-column-is-layout-flow\">\n<figure class=\"wp-block-image aligncenter size-full is-resized\"><a href=\"https:\/\/whiterip.com\/wp-content\/uploads\/2024\/11\/calibrate.png\"><img loading=\"lazy\" decoding=\"async\" width=\"512\" height=\"512\" src=\"https:\/\/whiterip.com\/wp-content\/uploads\/2024\/11\/calibrate.png\" alt=\"\" class=\"wp-image-11308\" style=\"object-fit:cover;width:100px;height:100px\" srcset=\"https:\/\/whiterip.com\/wp-content\/uploads\/2024\/11\/calibrate.png 512w, https:\/\/whiterip.com\/wp-content\/uploads\/2024\/11\/calibrate-300x300.png 300w, https:\/\/whiterip.com\/wp-content\/uploads\/2024\/11\/calibrate-250x250.png 250w, https:\/\/whiterip.com\/wp-content\/uploads\/2024\/11\/calibrate-100x100.png 100w\" sizes=\"auto, (max-width: 512px) 100vw, 512px\" \/><\/a><\/figure>\n\n\n\n<p style=\"padding-top:0;padding-right:0;padding-bottom:0;padding-left:0\"><strong><strong>Allineamento perfetto:<\/strong><\/strong><br\/>Assicura una simmetria perfetta per le stampe su pi\u00f9 lati o reversibili.<\/p>\n<\/div>\n\n\n\n<div class=\"wp-block-column is-vertically-aligned-top is-layout-flow wp-block-column-is-layout-flow\">\n<figure class=\"wp-block-image aligncenter size-full is-resized\"><a href=\"https:\/\/whiterip.com\/wp-content\/uploads\/2024\/11\/stopwatch.png\"><img loading=\"lazy\" decoding=\"async\" width=\"512\" height=\"512\" src=\"https:\/\/whiterip.com\/wp-content\/uploads\/2024\/11\/stopwatch.png\" alt=\"\" class=\"wp-image-3719\" style=\"object-fit:cover;width:100px;height:100px\" srcset=\"https:\/\/whiterip.com\/wp-content\/uploads\/2024\/11\/stopwatch.png 512w, https:\/\/whiterip.com\/wp-content\/uploads\/2024\/11\/stopwatch-300x300.png 300w, https:\/\/whiterip.com\/wp-content\/uploads\/2024\/11\/stopwatch-250x250.png 250w, https:\/\/whiterip.com\/wp-content\/uploads\/2024\/11\/stopwatch-100x100.png 100w\" sizes=\"auto, (max-width: 512px) 100vw, 512px\" \/><\/a><\/figure>\n\n\n\n<p><strong>Risparmio di tempo:<\/strong><a href=\"Risparmio di tempo:\"><br\/><\/a>Riduce i tempi di preparazione e migliora l&#8217;efficienza produttiva.<\/p>\n<\/div>\n<\/div>\n\n<blockquote class=\"wp-block-quote is-layout-flow wp-block-quote-is-layout-flow\">\n<p class=\"has-normal-font-size\"><strong>Come funziona il mirroring automatico?<\/strong><br\/>L&#8217;Auto Mirroring utilizza algoritmi avanzati per capovolgere istantaneamente il tuo disegno in orizzontale o in verticale, a seconda delle esigenze del tuo progetto. In questo modo gli elementi specchiati si allineano perfettamente per una stampa senza soluzione di continuit\u00e0 su entrambi i lati di una superficie.<\/p>\n<\/blockquote>\n\n<details class=\"wp-block-details is-layout-flow wp-block-details-is-layout-flow\"><summary><strong><strong>Esempio di caso d&#8217;uso:<\/strong><\/strong><\/summary>\n<p>Quando si crea un file DTF, l&#8217;Auto Mirroring capovolge il disegno per il retro, assicurando che il bianco e l&#8217;immagine siano perfettamente allineati per la leggibilit\u00e0 su entrambi i lati.<\/p>\n<\/details>\n\n<figure class=\"wp-block-image aligncenter size-large is-resized is-style-default\" style=\"margin-top:var(--wp--preset--spacing--30);margin-right:0;margin-bottom:var(--wp--preset--spacing--30);margin-left:0\"><a href=\"https:\/\/whiterip.com\/wp-content\/uploads\/2024\/11\/WhiteRIP_SimplePowerful-819x1024.jpg\"><img loading=\"lazy\" decoding=\"async\" width=\"819\" height=\"1024\" src=\"https:\/\/whiterip.com\/wp-content\/uploads\/2024\/11\/WhiteRIP_SimplePowerful-819x1024.jpg\" alt=\"\" class=\"wp-image-3681\" style=\"width:auto;height:650px\" srcset=\"https:\/\/whiterip.com\/wp-content\/uploads\/2024\/11\/WhiteRIP_SimplePowerful-819x1024.jpg 819w, https:\/\/whiterip.com\/wp-content\/uploads\/2024\/11\/WhiteRIP_SimplePowerful-240x300.jpg 240w, https:\/\/whiterip.com\/wp-content\/uploads\/2024\/11\/WhiteRIP_SimplePowerful-768x960.jpg 768w, https:\/\/whiterip.com\/wp-content\/uploads\/2024\/11\/WhiteRIP_SimplePowerful-600x750.jpg 600w, https:\/\/whiterip.com\/wp-content\/uploads\/2024\/11\/WhiteRIP_SimplePowerful.jpg 962w\" sizes=\"auto, (max-width: 819px) 100vw, 819px\" \/><\/a><\/figure>\n\n<h2 class=\"wp-block-heading\"><strong>Domande frequenti (FAQ)<\/strong><\/h2>\n\n<div id=\"wp-block-themeisle-blocks-accordion-f979d8c7\" class=\"wp-block-themeisle-blocks-accordion exclusive has-dark-title-bg\">\n<details class=\"wp-block-themeisle-blocks-accordion-item\"><summary class=\"wp-block-themeisle-blocks-accordion-item__title\"><div>Can I customize the mirroring options?<\/div><\/summary><div class=\"wp-block-themeisle-blocks-accordion-item__content\">\n<p>S\u00ec, puoi scegliere il mirroring orizzontale o verticale in base alle tue esigenze specifiche.<\/p>\n<\/div><\/details>\n\n\n\n<details class=\"wp-block-themeisle-blocks-accordion-item\"><summary class=\"wp-block-themeisle-blocks-accordion-item__title\"><div>Does Auto Mirroring support all file formats?<\/div><\/summary><div class=\"wp-block-themeisle-blocks-accordion-item__content\">\n<p>S\u00ec, funziona perfettamente con tutti i formati di file raster e vettoriali supportati da WhiteRIP.<\/p>\n<\/div><\/details>\n\n\n\n<details class=\"wp-block-themeisle-blocks-accordion-item\"><summary class=\"wp-block-themeisle-blocks-accordion-item__title\"><div>Is Auto Mirroring useful for DTF printing?<\/div><\/summary><div class=\"wp-block-themeisle-blocks-accordion-item__content\">\n<p>In assoluto, \u00e8 ideale per creare modelli a specchio per tessuti, indumenti e altre applicazioni tessili.<\/p>\n<\/div><\/details>\n<\/div>\n\n<blockquote class=\"wp-block-quote is-layout-flow wp-block-quote-is-layout-flow\">\n<p class=\"has-normal-font-size\"><strong>Scarica WhiteRIP<br\/><\/strong>Rivoluziona il tuo flusso di lavoro di stampa con l&#8217;Auto Mirroring. Risparmia tempo e ottieni una simmetria perfetta in ogni progetto.<\/p>\n<\/blockquote>\n\n<div class=\"wp-block-buttons is-content-justification-center is-layout-flex wp-container-core-buttons-is-layout-a89b3969 wp-block-buttons-is-layout-flex\">\n<div class=\"wp-block-button\"><a class=\"wp-block-button__link wp-element-button\" href=\"https:\/\/whiterip.com\/trial-version\/\"><strong>Scarica<\/strong><strong> subito<\/strong><strong>la<\/strong>DEMO <strong>GRATUITA<\/strong><strong>!<\/strong><\/a><\/div>\n<\/div>\n","protected":false},"excerpt":{"rendered":"<p>Auto Mirroring: Stampa su pi\u00f9 lati senza sforzoL&#8217;Auto Mirroring \u00e8 una funzione innovativa di WhiteRIP progettata per semplificare la stampa su pi\u00f9 lati generando automaticamente disegni speculari. Questa funzionalit\u00e0 \u00e8 perfetta per applicazioni come la stampa tessile, l&#8217;imballaggio e i progetti fronte\/retro, consentendo di risparmiare tempo e di garantire un allineamento perfetto. Perch\u00e9 scegliere il [&hellip;]<\/p>\n","protected":false},"author":3,"featured_media":0,"parent":0,"menu_order":0,"comment_status":"closed","ping_status":"closed","template":"","meta":{"_themeisle_gutenberg_block_has_review":false,"footnotes":""},"class_list":["post-11890","page","type-page","status-publish","hentry"],"yoast_head":"<!-- This site is optimized with the Yoast SEO plugin v27.3 - https:\/\/yoast.com\/product\/yoast-seo-wordpress\/ -->\n<title>Specchiatura automatica - Whiterip<\/title>\n<meta name=\"description\" content=\"Risparmia tempo e garantisci la precisione con l&#039;Auto Mirroring di WhiteRIP. Genera automaticamente disegni speculari per stampe fronte\/retro impeccabili.\" \/>\n<meta name=\"robots\" content=\"index, follow, max-snippet:-1, max-image-preview:large, max-video-preview:-1\" \/>\n<link rel=\"canonical\" href=\"https:\/\/whiterip.com\/it\/specchiatura-automatica\/\" \/>\n<meta property=\"og:locale\" content=\"it_IT\" \/>\n<meta property=\"og:type\" content=\"article\" \/>\n<meta property=\"og:title\" content=\"Specchiatura automatica - Whiterip\" \/>\n<meta property=\"og:description\" content=\"Risparmia tempo e garantisci la precisione con l&#039;Auto Mirroring di WhiteRIP. Genera automaticamente disegni speculari per stampe fronte\/retro impeccabili.\" \/>\n<meta property=\"og:url\" content=\"https:\/\/whiterip.com\/it\/specchiatura-automatica\/\" \/>\n<meta property=\"og:site_name\" content=\"Whiterip\" \/>\n<meta property=\"article:publisher\" content=\"https:\/\/www.facebook.com\/WhiteRIP\" \/>\n<meta property=\"article:modified_time\" content=\"2025-01-08T10:04:59+00:00\" \/>\n<meta property=\"og:image\" content=\"https:\/\/whiterip.com\/wp-content\/uploads\/2024\/11\/streamlined.png\" \/>\n\t<meta property=\"og:image:width\" content=\"512\" \/>\n\t<meta property=\"og:image:height\" content=\"512\" \/>\n\t<meta property=\"og:image:type\" content=\"image\/png\" \/>\n<meta name=\"twitter:card\" content=\"summary_large_image\" \/>\n<meta name=\"twitter:label1\" content=\"Tempo di lettura stimato\" \/>\n\t<meta name=\"twitter:data1\" content=\"1 minuto\" \/>\n<script type=\"application\/ld+json\" class=\"yoast-schema-graph\">{\"@context\":\"https:\\\/\\\/schema.org\",\"@graph\":[{\"@type\":\"WebPage\",\"@id\":\"https:\\\/\\\/whiterip.com\\\/it\\\/specchiatura-automatica\\\/\",\"url\":\"https:\\\/\\\/whiterip.com\\\/it\\\/specchiatura-automatica\\\/\",\"name\":\"Specchiatura automatica - Whiterip\",\"isPartOf\":{\"@id\":\"https:\\\/\\\/whiterip.com\\\/it\\\/#website\"},\"primaryImageOfPage\":{\"@id\":\"https:\\\/\\\/whiterip.com\\\/it\\\/specchiatura-automatica\\\/#primaryimage\"},\"image\":{\"@id\":\"https:\\\/\\\/whiterip.com\\\/it\\\/specchiatura-automatica\\\/#primaryimage\"},\"thumbnailUrl\":\"https:\\\/\\\/whiterip.com\\\/wp-content\\\/uploads\\\/2024\\\/11\\\/streamlined.png\",\"datePublished\":\"2024-11-28T13:52:07+00:00\",\"dateModified\":\"2025-01-08T10:04:59+00:00\",\"description\":\"Risparmia tempo e garantisci la precisione con l'Auto Mirroring di WhiteRIP. Genera automaticamente disegni speculari per stampe fronte\\\/retro impeccabili.\",\"breadcrumb\":{\"@id\":\"https:\\\/\\\/whiterip.com\\\/it\\\/specchiatura-automatica\\\/#breadcrumb\"},\"inLanguage\":\"it-IT\",\"potentialAction\":[{\"@type\":\"ReadAction\",\"target\":[\"https:\\\/\\\/whiterip.com\\\/it\\\/specchiatura-automatica\\\/\"]}]},{\"@type\":\"ImageObject\",\"inLanguage\":\"it-IT\",\"@id\":\"https:\\\/\\\/whiterip.com\\\/it\\\/specchiatura-automatica\\\/#primaryimage\",\"url\":\"https:\\\/\\\/whiterip.com\\\/wp-content\\\/uploads\\\/2024\\\/11\\\/streamlined.png\",\"contentUrl\":\"https:\\\/\\\/whiterip.com\\\/wp-content\\\/uploads\\\/2024\\\/11\\\/streamlined.png\"},{\"@type\":\"BreadcrumbList\",\"@id\":\"https:\\\/\\\/whiterip.com\\\/it\\\/specchiatura-automatica\\\/#breadcrumb\",\"itemListElement\":[{\"@type\":\"ListItem\",\"position\":1,\"name\":\"Home\",\"item\":\"https:\\\/\\\/whiterip.com\\\/it\\\/\"},{\"@type\":\"ListItem\",\"position\":2,\"name\":\"Specchiatura automatica\"}]},{\"@type\":\"WebSite\",\"@id\":\"https:\\\/\\\/whiterip.com\\\/it\\\/#website\",\"url\":\"https:\\\/\\\/whiterip.com\\\/it\\\/\",\"name\":\"Whiterip\",\"description\":\"Printing software. Simple and powerful\",\"publisher\":{\"@id\":\"https:\\\/\\\/whiterip.com\\\/it\\\/#organization\"},\"alternateName\":\"rip software\",\"potentialAction\":[{\"@type\":\"SearchAction\",\"target\":{\"@type\":\"EntryPoint\",\"urlTemplate\":\"https:\\\/\\\/whiterip.com\\\/it\\\/?s={search_term_string}\"},\"query-input\":{\"@type\":\"PropertyValueSpecification\",\"valueRequired\":true,\"valueName\":\"search_term_string\"}}],\"inLanguage\":\"it-IT\"},{\"@type\":\"Organization\",\"@id\":\"https:\\\/\\\/whiterip.com\\\/it\\\/#organization\",\"name\":\"Whiterip\",\"alternateName\":\"Ev Network srl\",\"url\":\"https:\\\/\\\/whiterip.com\\\/it\\\/\",\"logo\":{\"@type\":\"ImageObject\",\"inLanguage\":\"it-IT\",\"@id\":\"https:\\\/\\\/whiterip.com\\\/it\\\/#\\\/schema\\\/logo\\\/image\\\/\",\"url\":\"https:\\\/\\\/whiterip.com\\\/wp-content\\\/uploads\\\/2024\\\/02\\\/logo_black.png\",\"contentUrl\":\"https:\\\/\\\/whiterip.com\\\/wp-content\\\/uploads\\\/2024\\\/02\\\/logo_black.png\",\"width\":600,\"height\":340,\"caption\":\"Whiterip\"},\"image\":{\"@id\":\"https:\\\/\\\/whiterip.com\\\/it\\\/#\\\/schema\\\/logo\\\/image\\\/\"},\"sameAs\":[\"https:\\\/\\\/www.facebook.com\\\/WhiteRIP\",\"https:\\\/\\\/www.instagram.com\\\/whiteripsoftware\\\/\",\"https:\\\/\\\/www.linkedin.com\\\/showcase\\\/whiterip-professional-rip-software\\\/\",\"https:\\\/\\\/www.youtube.com\\\/channel\\\/UCLQq1zkdviZm3ZHrzAnJovQ\"]}]}<\/script>\n<!-- \/ Yoast SEO plugin. -->","yoast_head_json":{"title":"Specchiatura automatica - Whiterip","description":"Risparmia tempo e garantisci la precisione con l'Auto Mirroring di WhiteRIP. Genera automaticamente disegni speculari per stampe fronte\/retro impeccabili.","robots":{"index":"index","follow":"follow","max-snippet":"max-snippet:-1","max-image-preview":"max-image-preview:large","max-video-preview":"max-video-preview:-1"},"canonical":"https:\/\/whiterip.com\/it\/specchiatura-automatica\/","og_locale":"it_IT","og_type":"article","og_title":"Specchiatura automatica - Whiterip","og_description":"Risparmia tempo e garantisci la precisione con l'Auto Mirroring di WhiteRIP. Genera automaticamente disegni speculari per stampe fronte\/retro impeccabili.","og_url":"https:\/\/whiterip.com\/it\/specchiatura-automatica\/","og_site_name":"Whiterip","article_publisher":"https:\/\/www.facebook.com\/WhiteRIP","article_modified_time":"2025-01-08T10:04:59+00:00","og_image":[{"width":512,"height":512,"url":"https:\/\/whiterip.com\/wp-content\/uploads\/2024\/11\/streamlined.png","type":"image\/png"}],"twitter_card":"summary_large_image","twitter_misc":{"Tempo di lettura stimato":"1 minuto"},"schema":{"@context":"https:\/\/schema.org","@graph":[{"@type":"WebPage","@id":"https:\/\/whiterip.com\/it\/specchiatura-automatica\/","url":"https:\/\/whiterip.com\/it\/specchiatura-automatica\/","name":"Specchiatura automatica - Whiterip","isPartOf":{"@id":"https:\/\/whiterip.com\/it\/#website"},"primaryImageOfPage":{"@id":"https:\/\/whiterip.com\/it\/specchiatura-automatica\/#primaryimage"},"image":{"@id":"https:\/\/whiterip.com\/it\/specchiatura-automatica\/#primaryimage"},"thumbnailUrl":"https:\/\/whiterip.com\/wp-content\/uploads\/2024\/11\/streamlined.png","datePublished":"2024-11-28T13:52:07+00:00","dateModified":"2025-01-08T10:04:59+00:00","description":"Risparmia tempo e garantisci la precisione con l'Auto Mirroring di WhiteRIP. Genera automaticamente disegni speculari per stampe fronte\/retro impeccabili.","breadcrumb":{"@id":"https:\/\/whiterip.com\/it\/specchiatura-automatica\/#breadcrumb"},"inLanguage":"it-IT","potentialAction":[{"@type":"ReadAction","target":["https:\/\/whiterip.com\/it\/specchiatura-automatica\/"]}]},{"@type":"ImageObject","inLanguage":"it-IT","@id":"https:\/\/whiterip.com\/it\/specchiatura-automatica\/#primaryimage","url":"https:\/\/whiterip.com\/wp-content\/uploads\/2024\/11\/streamlined.png","contentUrl":"https:\/\/whiterip.com\/wp-content\/uploads\/2024\/11\/streamlined.png"},{"@type":"BreadcrumbList","@id":"https:\/\/whiterip.com\/it\/specchiatura-automatica\/#breadcrumb","itemListElement":[{"@type":"ListItem","position":1,"name":"Home","item":"https:\/\/whiterip.com\/it\/"},{"@type":"ListItem","position":2,"name":"Specchiatura automatica"}]},{"@type":"WebSite","@id":"https:\/\/whiterip.com\/it\/#website","url":"https:\/\/whiterip.com\/it\/","name":"Whiterip","description":"Printing software. Simple and powerful","publisher":{"@id":"https:\/\/whiterip.com\/it\/#organization"},"alternateName":"rip software","potentialAction":[{"@type":"SearchAction","target":{"@type":"EntryPoint","urlTemplate":"https:\/\/whiterip.com\/it\/?s={search_term_string}"},"query-input":{"@type":"PropertyValueSpecification","valueRequired":true,"valueName":"search_term_string"}}],"inLanguage":"it-IT"},{"@type":"Organization","@id":"https:\/\/whiterip.com\/it\/#organization","name":"Whiterip","alternateName":"Ev Network srl","url":"https:\/\/whiterip.com\/it\/","logo":{"@type":"ImageObject","inLanguage":"it-IT","@id":"https:\/\/whiterip.com\/it\/#\/schema\/logo\/image\/","url":"https:\/\/whiterip.com\/wp-content\/uploads\/2024\/02\/logo_black.png","contentUrl":"https:\/\/whiterip.com\/wp-content\/uploads\/2024\/02\/logo_black.png","width":600,"height":340,"caption":"Whiterip"},"image":{"@id":"https:\/\/whiterip.com\/it\/#\/schema\/logo\/image\/"},"sameAs":["https:\/\/www.facebook.com\/WhiteRIP","https:\/\/www.instagram.com\/whiteripsoftware\/","https:\/\/www.linkedin.com\/showcase\/whiterip-professional-rip-software\/","https:\/\/www.youtube.com\/channel\/UCLQq1zkdviZm3ZHrzAnJovQ"]}]}},"_links":{"self":[{"href":"https:\/\/whiterip.com\/it\/wp-json\/wp\/v2\/pages\/11890","targetHints":{"allow":["GET"]}}],"collection":[{"href":"https:\/\/whiterip.com\/it\/wp-json\/wp\/v2\/pages"}],"about":[{"href":"https:\/\/whiterip.com\/it\/wp-json\/wp\/v2\/types\/page"}],"author":[{"embeddable":true,"href":"https:\/\/whiterip.com\/it\/wp-json\/wp\/v2\/users\/3"}],"replies":[{"embeddable":true,"href":"https:\/\/whiterip.com\/it\/wp-json\/wp\/v2\/comments?post=11890"}],"version-history":[{"count":1,"href":"https:\/\/whiterip.com\/it\/wp-json\/wp\/v2\/pages\/11890\/revisions"}],"predecessor-version":[{"id":11891,"href":"https:\/\/whiterip.com\/it\/wp-json\/wp\/v2\/pages\/11890\/revisions\/11891"}],"wp:attachment":[{"href":"https:\/\/whiterip.com\/it\/wp-json\/wp\/v2\/media?parent=11890"}],"curies":[{"name":"wp","href":"https:\/\/api.w.org\/{rel}","templated":true}]}}